{"id":108,"date":"2018-12-18T12:49:44","date_gmt":"2018-12-18T12:49:44","guid":{"rendered":"https:\/\/www.doebelner-pferdebahn.de\/WP\/?page_id=108"},"modified":"2018-12-20T15:02:53","modified_gmt":"2018-12-20T15:02:53","slug":"geschichte","status":"publish","type":"page","link":"https:\/\/www.doebelner-pferdebahn.de\/WP\/?page_id=108","title":{"rendered":"Geschichte"},"content":{"rendered":"\t\t<div data-elementor-type=\"wp-post\" data-elementor-id=\"108\" class=\"elementor elementor-108 elementor-bc-flex-widget\">\n\t\t\t\t\t\t<section class=\"elementor-section elementor-top-section elementor-element elementor-element-4196ddb elementor-section-boxed elementor-section-height-default elementor-section-height-default\" data-id=\"4196ddb\" data-element_type=\"section\" data-e-type=\"section\">\n\t\t\t\t\t\t<div class=\"elementor-container elementor-column-gap-default\">\n\t\t\t\t\t<div class=\"elementor-column elementor-col-100 elementor-top-column elementor-element elementor-element-7e3f18c\" data-id=\"7e3f18c\" data-element_type=\"column\" data-e-type=\"column\">\n\t\t\t<div class=\"elementor-widget-wrap elementor-element-populated\">\n\t\t\t\t\t\t<div class=\"elementor-element elementor-element-758f03c elementor-widget elementor-widget-text-editor\" data-id=\"758f03c\" data-element_type=\"widget\" data-e-type=\"widget\" data-widget_type=\"text-editor.default\">\n\t\t\t\t<div class=\"elementor-widget-container\">\n\t\t\t\t\t\t\t\t\t<h3>Die &#8222;alte&#8220; Pferdebahn in D\u00f6beln 1892 &#8211; 1926<\/h3><p>Ende des 19. Jahrhunderts gab es auch in D\u00f6beln eine st\u00fcrmische wirtschaftliche Entwicklung. Die Bev\u00f6lkerung wuchs, und au\u00dferdem war D\u00f6beln eine Garnisons\u00adstadt. <br \/>1847 ging die Eisenbahnstrecke Riesa &#8211; D\u00f6beln in Betrieb, 1852 die Verl\u00e4ngerung nach Chemnitz. Wegen der Lage D\u00f6belns im Tal der Mulde umging die Strecke die Anh\u00f6hen und verlief 2 km westlich der Stadt. Ab 1868 gab es die Eisenbahn Dresden &#8211; Mei\u00dfen &#8211; D\u00f6beln &#8211; Leipzig. Am Kreuzungspunkt der beiden Strecken entstand der D\u00f6belner Hauptbahnhof. Hinzu kam die Schmalspurbahn zum M\u00fcgelner Netz, so dass D\u00f6beln ein wichtiger Knotenpunkt der Eisenbahn wurde.\u00a0 \u00a0<\/p><p>F\u00fcnf D\u00f6belner Gesch\u00e4ftsleute schlugen 1891 den Bau einer Pferdestra\u00dfenbahn vom Stadtzentrum zum Hauptbahnhof vor. <br \/>Mit Genehmigung der Stadt gr\u00fcndeten sie die \u201eD\u00f6belner Stra\u00dfenbahn AG\u201c. <br \/>Am 10. Juli 1892 wurde die Strecke vom Hauptbahnhof bis zum Obermarkt er\u00f6ffnet, am 8. September die Verl\u00e4ngerung bis zur Endstelle Wei\u00dfes Kreuz. Die Strecke war damit 2,64 km lang, eingleisig mit mehreren Ausweichstellen und in Meterspur angelegt. <br \/>Eine kurze Zweigstrecke f\u00fchrte zum Hotel \u201eGoldene Sonne\u201c in der Ritterstra\u00dfe. <br \/>F\u00fcr den Postverkehr gab es einen speziellen Wagen, der zwischen Hauptbahnhof und dem Hauptpostamt in der Innenstadt pendelte.<\/p><p>Anfangs gab es drei, sp\u00e4ter sieben Wagen f\u00fcr den Personenverkehr. <br \/>Es waren neun bis zw\u00f6lf Pferde vorhanden. <br \/>T\u00e4glich wurden bis zu 33 Fahrten je Richtung durchgef\u00fchrt. <br \/>Das Personal umfasste etwa 10 Personen. Auf den Wagen arbeitete nur der Kutscher, denn auf Schaffner verzichtete man aus Kostengr\u00fcnden.<\/p><p>Bis zum 1. Weltkrieg war die Bahn rentabel, so dass den Aktion\u00e4ren Dividenden gezahlt werden konnte. Das \u00e4nderte sich mit der Inflationszeit, so dass st\u00e4ndig Zusch\u00fcsse erforderlich wurden.<br \/>Als eine der letzten Pferdebahnen in Deutschland stellte die D\u00f6belner Stra\u00dfenbahn im Dezember 1926 den Betrieb ein. Von da an fuhr der Kraftomnibus. <br \/>Gleisreste hielten sich auf dem Obermarkt noch bis 2006.\u00a0<\/p><h3><b>Die &#8222;neue&#8220; Pferdebahn in D\u00f6beln seit 2007<\/b><\/h3><p>Im Jahre 2001 kam in der Arbeitsgruppe Innenstadtmarketing die Idee auf, die fr\u00fchere Pferdestra\u00dfenbahn als touristische Attraktion wieder zu beleben. <br \/>2002 gr\u00fcndete sich der Traditionsverein D\u00f6belner Pferdebahn e.V. mit damals 25 Mitgliedern. Inzwischen hat sich der Mitgliederbestand bei 60 stabilisiert. <br \/>Im selben Jahr gab es einen herben R\u00fcckschlag durch das gro\u00dfe Hochwasser, bei dem die gesamte Innenstadt von D\u00f6beln von der Mulde \u00fcberflutet wurde. <br \/>Der Verein hatte sich zwei Ziele gestellt: <br \/>1. Bau einer Gleistrasse in der Innenstadt\u00a0 und Fahrten mit einer historischen Pferdestra\u00dfenbahn darauf zu bestimmten Tagen bzw. auf Bestellung<br \/>2. Aufbau eines Museums, in dem die Geschichte der Pferdebahnen dargestellt wird.<br \/>Mit gebrauchten Schienen aus Leipzig, Cottbus und Chemnitz entstand eine etwa 700 m lange eingleisige Strecke vom Obermarkt \u00fcber B\u00e4ckerstra\u00dfe, Niedermakrt und Theaterstra\u00dfe bis zum Pferdebahnmuseum. <br \/>Der Wagenkasten stammt vom fr\u00fcheren Triebwagen 1 der Stra\u00dfenbahn Mei\u00dfen. Als in Mei\u00dfen der Personenverkehr 1936 auf Autobusse umgestellt wurde, verkaufte man die Wgenk\u00e4sten an Interessenten. Wagen 1 gelangte in das Dorf Keilbusch, wo er noch bis 2002 als H\u00fchnerstall diente. Nach der Bergung des Wagens 2003 konnte er beim S\u00e4chsischen Umschulungs- und Fortbildungswerk Dresden restauriert werden. Das Fahrgestell ist ein Neubau.<br \/>Das Zugpferd wird von einem Vereinsmitglied zur Verf\u00fcgung gestellt, das auch als Kutscher fungiert. Sein Kutscherhof befindet sich in einem Vorort von D\u00f6beln.\u00a0 <br \/>Die Er\u00f6ffnung der Pferdebahn war am 9. Juni 2007, damals noch vom Obermarkt bis zum Theater. Das Pferdebahnmuseum wurde im Dezember 2009 erreicht, seitdem ist der Wagen dort stationiert.\u00a0\u00a0<\/p><p>\u00a0<\/p>\t\t\t\t\t\t\t\t<\/div>\n\t\t\t\t<\/div>\n\t\t\t\t\t<\/div>\n\t\t<\/div>\n\t\t\t\t\t<\/div>\n\t\t<\/section>\n\t\t\t\t<section class=\"elementor-section elementor-top-section elementor-element elementor-element-29288bf elementor-section-boxed elementor-section-height-default elementor-section-height-default\" data-id=\"29288bf\" data-element_type=\"section\" data-e-type=\"section\">\n\t\t\t\t\t\t<div class=\"elementor-container elementor-column-gap-default\">\n\t\t\t\t\t<div class=\"elementor-column elementor-col-100 elementor-top-column elementor-element elementor-element-00c0395\" data-id=\"00c0395\" data-element_type=\"column\" data-e-type=\"column\">\n\t\t\t<div class=\"elementor-widget-wrap\">\n\t\t\t\t\t\t\t<\/div>\n\t\t<\/div>\n\t\t\t\t\t<\/div>\n\t\t<\/section>\n\t\t\t\t<\/div>\n\t\t","protected":false},"excerpt":{"rendered":"<p>Die &#8222;alte&#8220; Pferdebahn in D\u00f6beln 1892 &#8211; 1926 Ende des 19. Jahrhunderts gab es auch in D\u00f6beln eine st\u00fcrmische wirtschaftliche Entwicklung. Die [&hellip;]<\/p>\n","protected":false},"author":2,"featured_media":0,"parent":0,"menu_order":0,"comment_status":"closed","ping_status":"closed","template":"","meta":{"footnotes":""},"class_list":["post-108","page","type-page","status-publish","hentry"],"_links":{"self":[{"href":"https:\/\/www.doebelner-pferdebahn.de\/WP\/index.php?rest_route=\/wp\/v2\/pages\/108","targetHints":{"allow":["GET"]}}],"collection":[{"href":"https:\/\/www.doebelner-pferdebahn.de\/WP\/index.php?rest_route=\/wp\/v2\/pages"}],"about":[{"href":"https:\/\/www.doebelner-pferdebahn.de\/WP\/index.php?rest_route=\/wp\/v2\/types\/page"}],"author":[{"embeddable":true,"href":"https:\/\/www.doebelner-pferdebahn.de\/WP\/index.php?rest_route=\/wp\/v2\/users\/2"}],"replies":[{"embeddable":true,"href":"https:\/\/www.doebelner-pferdebahn.de\/WP\/index.php?rest_route=%2Fwp%2Fv2%2Fcomments&post=108"}],"version-history":[{"count":6,"href":"https:\/\/www.doebelner-pferdebahn.de\/WP\/index.php?rest_route=\/wp\/v2\/pages\/108\/revisions"}],"predecessor-version":[{"id":306,"href":"https:\/\/www.doebelner-pferdebahn.de\/WP\/index.php?rest_route=\/wp\/v2\/pages\/108\/revisions\/306"}],"wp:attachment":[{"href":"https:\/\/www.doebelner-pferdebahn.de\/WP\/index.php?rest_route=%2Fwp%2Fv2%2Fmedia&parent=108"}],"curies":[{"name":"wp","href":"https:\/\/api.w.org\/{rel}","templated":true}]}}