{"id":110,"date":"2018-12-18T12:50:10","date_gmt":"2018-12-18T12:50:10","guid":{"rendered":"https:\/\/www.doebelner-pferdebahn.de\/WP\/?page_id=110"},"modified":"2022-01-17T09:34:15","modified_gmt":"2022-01-17T09:34:15","slug":"verein","status":"publish","type":"page","link":"https:\/\/www.doebelner-pferdebahn.de\/WP\/?page_id=110","title":{"rendered":""},"content":{"rendered":"\t\t<div data-elementor-type=\"wp-post\" data-elementor-id=\"110\" class=\"elementor elementor-110 elementor-bc-flex-widget\">\n\t\t\t\t\t\t<section class=\"elementor-section elementor-top-section elementor-element elementor-element-4bb7003 elementor-section-boxed elementor-section-height-default elementor-section-height-default\" data-id=\"4bb7003\" data-element_type=\"section\" data-e-type=\"section\">\n\t\t\t\t\t\t<div class=\"elementor-container elementor-column-gap-default\">\n\t\t\t\t\t<div class=\"elementor-column elementor-col-100 elementor-top-column elementor-element elementor-element-fd1397e\" data-id=\"fd1397e\" data-element_type=\"column\" data-e-type=\"column\">\n\t\t\t<div class=\"elementor-widget-wrap elementor-element-populated\">\n\t\t\t\t\t\t<div class=\"elementor-element elementor-element-8fe037e elementor-widget elementor-widget-heading\" data-id=\"8fe037e\" data-element_type=\"widget\" data-e-type=\"widget\" data-widget_type=\"heading.default\">\n\t\t\t\t<div class=\"elementor-widget-container\">\n\t\t\t\t\t<h2 class=\"elementor-heading-title elementor-size-default\">Wer wir sind<\/h2>\t\t\t\t<\/div>\n\t\t\t\t<\/div>\n\t\t\t\t\t<\/div>\n\t\t<\/div>\n\t\t\t\t\t<\/div>\n\t\t<\/section>\n\t\t\t\t<section class=\"elementor-section elementor-top-section elementor-element elementor-element-b788cdb elementor-section-boxed elementor-section-height-default elementor-section-height-default\" data-id=\"b788cdb\" data-element_type=\"section\" data-e-type=\"section\">\n\t\t\t\t\t\t<div class=\"elementor-container elementor-column-gap-default\">\n\t\t\t\t\t<div class=\"elementor-column elementor-col-100 elementor-top-column elementor-element elementor-element-95d5a75\" data-id=\"95d5a75\" data-element_type=\"column\" data-e-type=\"column\">\n\t\t\t<div class=\"elementor-widget-wrap elementor-element-populated\">\n\t\t\t\t\t\t<div class=\"elementor-element elementor-element-bcf7880 elementor-widget elementor-widget-text-editor\" data-id=\"bcf7880\" data-element_type=\"widget\" data-e-type=\"widget\" data-widget_type=\"text-editor.default\">\n\t\t\t\t<div class=\"elementor-widget-container\">\n\t\t\t\t\t\t\t\t\t<p>Wir, der Traditionsverein D\u00f6belner Pferdebahn e.V., sind ein gemeinn\u00fctziger Verein.<\/p><p>Gegr\u00fcndet haben wir uns am 11. Januar 2002 mit damals 25 Mitgliedern.<\/p><p>Am 20. Februar 2002 wurden wir ins Vereinsregister eingetragen \u2013 auf den Tag genau 111 Jahre nach der Gr\u00fcndung der D\u00f6belner Strassenbahn AG.<\/p><p>Wir hatten uns zwei Ziele gestellt:<\/p><p>Erstens: Die Wiederbelebung der alten D\u00f6belner Pferdebahn als Museumsbahn<\/p><p>Zweitens: Der Aufbau eines Museums, das sich mit der Geschichte der Pferdebahnen befasst.<\/p><p>Damit wollten wir einen Beitrag zur Steigerung der Attraktivit\u00e4t der Stadt leisten.<\/p><p>Am Anfang hatten wir nur die Idee und viel Enthusiasmus.<\/p><p>Allm\u00e4hlich aber nahm die Sache Formen an, und am 9. Juni 2007 konnte die Pferdebahn er\u00f6ffnet werden. Sie fuhr zun\u00e4chst vom Alten Amtshaus am Obermarkt bis zum Theater. Die Verl\u00e4ngerung vom Theater folgte sp\u00e4ter.<\/p><p>Im Dezember 2007 kauften wir das Geb\u00e4ude des fr\u00fcheren Kindergartens am Niederwerder 6. Es hatte beim Hochwasser 2002 sehr gelitten und stand seitdem leer. Mit Hilfe eines Kredits wurde das Geb\u00e4ude saniert und zum Museum mit Gleisanschluss umgebaut.\u00a0 Am 13. Juni 2009 konnte das \u201eDeutsche Pferdebahnmuseum D\u00f6beln\u201c er\u00f6ffnet werden. Am 4. Dezember war auch der noch fehlende Gleisanschluss fertig.<\/p>\t\t\t\t\t\t\t\t<\/div>\n\t\t\t\t<\/div>\n\t\t\t\t\t<\/div>\n\t\t<\/div>\n\t\t\t\t\t<\/div>\n\t\t<\/section>\n\t\t\t\t<\/div>\n\t\t","protected":false},"excerpt":{"rendered":"<p>Wer wir sind Wir, der Traditionsverein D\u00f6belner Pferdebahn e.V., sind ein gemeinn\u00fctziger Verein. Gegr\u00fcndet haben wir uns am 11. Januar 2002 mit [&hellip;]<\/p>\n","protected":false},"author":2,"featured_media":0,"parent":0,"menu_order":0,"comment_status":"closed","ping_status":"closed","template":"","meta":{"footnotes":""},"class_list":["post-110","page","type-page","status-publish","hentry"],"_links":{"self":[{"href":"https:\/\/www.doebelner-pferdebahn.de\/WP\/index.php?rest_route=\/wp\/v2\/pages\/110","targetHints":{"allow":["GET"]}}],"collection":[{"href":"https:\/\/www.doebelner-pferdebahn.de\/WP\/index.php?rest_route=\/wp\/v2\/pages"}],"about":[{"href":"https:\/\/www.doebelner-pferdebahn.de\/WP\/index.php?rest_route=\/wp\/v2\/types\/page"}],"author":[{"embeddable":true,"href":"https:\/\/www.doebelner-pferdebahn.de\/WP\/index.php?rest_route=\/wp\/v2\/users\/2"}],"replies":[{"embeddable":true,"href":"https:\/\/www.doebelner-pferdebahn.de\/WP\/index.php?rest_route=%2Fwp%2Fv2%2Fcomments&post=110"}],"version-history":[{"count":9,"href":"https:\/\/www.doebelner-pferdebahn.de\/WP\/index.php?rest_route=\/wp\/v2\/pages\/110\/revisions"}],"predecessor-version":[{"id":338,"href":"https:\/\/www.doebelner-pferdebahn.de\/WP\/index.php?rest_route=\/wp\/v2\/pages\/110\/revisions\/338"}],"wp:attachment":[{"href":"https:\/\/www.doebelner-pferdebahn.de\/WP\/index.php?rest_route=%2Fwp%2Fv2%2Fmedia&parent=110"}],"curies":[{"name":"wp","href":"https:\/\/api.w.org\/{rel}","templated":true}]}}