{"id":112,"date":"2018-12-18T12:50:31","date_gmt":"2018-12-18T12:50:31","guid":{"rendered":"https:\/\/www.doebelner-pferdebahn.de\/WP\/?page_id=112"},"modified":"2025-08-28T08:24:18","modified_gmt":"2025-08-28T08:24:18","slug":"fahrbetrieb","status":"publish","type":"page","link":"https:\/\/www.doebelner-pferdebahn.de\/WP\/?page_id=112","title":{"rendered":"Fahrbetrieb"},"content":{"rendered":"\t\t<div data-elementor-type=\"wp-post\" data-elementor-id=\"112\" class=\"elementor elementor-112\">\n\t\t\t\t\t\t<section class=\"elementor-section elementor-top-section elementor-element elementor-element-329ed0bc elementor-section-boxed elementor-section-height-default elementor-section-height-default\" data-id=\"329ed0bc\" data-element_type=\"section\" data-e-type=\"section\">\n\t\t\t\t\t\t<div class=\"elementor-container elementor-column-gap-default\">\n\t\t\t\t\t<div class=\"elementor-column elementor-col-100 elementor-top-column elementor-element elementor-element-49d44c09\" data-id=\"49d44c09\" data-element_type=\"column\" data-e-type=\"column\">\n\t\t\t<div class=\"elementor-widget-wrap elementor-element-populated\">\n\t\t\t\t\t\t<section class=\"elementor-section elementor-inner-section elementor-element elementor-element-02b3978 elementor-section-boxed elementor-section-height-default elementor-section-height-default\" data-id=\"02b3978\" data-element_type=\"section\" data-e-type=\"section\">\n\t\t\t\t\t\t<div class=\"elementor-container elementor-column-gap-default\">\n\t\t\t\t\t<div class=\"elementor-column elementor-col-50 elementor-inner-column elementor-element elementor-element-cfa33a1\" data-id=\"cfa33a1\" data-element_type=\"column\" data-e-type=\"column\">\n\t\t\t<div class=\"elementor-widget-wrap elementor-element-populated\">\n\t\t\t\t\t\t<div class=\"elementor-element elementor-element-4c8e28e elementor-widget elementor-widget-text-editor\" data-id=\"4c8e28e\" data-element_type=\"widget\" data-e-type=\"widget\" data-widget_type=\"text-editor.default\">\n\t\t\t\t<div class=\"elementor-widget-container\">\n\t\t\t\t\t\t\t\t\t<h3>Fahrpreise<\/h3><h6>Erwachsener\u00a0 \u00a0 \u00a0 \u00a0 \u00a0 \u00a0 \u00a0 \u00a0 \u00a08,00 \u20ac<\/h6><h6>Kind (3 bis 14\u00a0 Jahre)\u00a0 \u00a0 4,00 \u20ac<\/h6><h6>\u00a0<\/h6><h6>Familienkarten\u00a0<\/h6><p>2 Erwachsene und 1 Kind\u00a0 \u00a0 \u00a0 18,00 \u20ac<\/p><p>2 Erwachsene und 2 Kinder\u00a0 \u00a020,00 \u20ac<\/p><p>2 Erwachsene und 3 Kinder\u00a0 \u00a022,00 \u20ac<\/p><p>2 Erwachsene und\u00a0 4 Kinder\u00a0 24,00 \u20ac<\/p>\t\t\t\t\t\t\t\t<\/div>\n\t\t\t\t<\/div>\n\t\t\t\t\t<\/div>\n\t\t<\/div>\n\t\t\t\t<div class=\"elementor-column elementor-col-50 elementor-inner-column elementor-element elementor-element-0615f07\" data-id=\"0615f07\" data-element_type=\"column\" data-e-type=\"column\">\n\t\t\t<div class=\"elementor-widget-wrap elementor-element-populated\">\n\t\t\t\t\t\t<div class=\"elementor-element elementor-element-a367a60 elementor-widget elementor-widget-text-editor\" data-id=\"a367a60\" data-element_type=\"widget\" data-e-type=\"widget\" data-widget_type=\"text-editor.default\">\n\t\t\t\t<div class=\"elementor-widget-container\">\n\t\t\t\t\t\t\t\t\t<h3>Kombikarten\u00a0<\/h3><h6>f\u00fcr eine Fahrt mit der Pferdebahn und den Besuch des Pferdebahnmuseums am selben Tag\u00a0<\/h6><h6>Erwachsener\u00a0 \u00a0 \u00a0 \u00a0 \u00a0 \u00a0 \u00a0 \u00a0 10,00 \u20ac<\/h6><h6>Kind (3 bis 14 Jahre)\u00a0 \u00a0 \u00a05,00 \u20ac<\/h6><h6>\u00a0<\/h6><h6>Familienkarten\u00a0<\/h6><p>2 Erwachsene und 1 Kind\u00a0 \u00a0 \u00a0 23,00 \u20ac<\/p><p>2 Erwachsene und 2 Kinder\u00a0 \u00a025,00 \u20ac<\/p><p>2 Erwachsene und 3 Kinder\u00a0 \u00a027,00 \u20ac<\/p><p>2 Erwachsene und\u00a0 4 Kinder\u00a0 29,00 \u20ac<\/p>\t\t\t\t\t\t\t\t<\/div>\n\t\t\t\t<\/div>\n\t\t\t\t\t<\/div>\n\t\t<\/div>\n\t\t\t\t\t<\/div>\n\t\t<\/section>\n\t\t\t\t<section class=\"elementor-section elementor-inner-section elementor-element elementor-element-8207add elementor-section-boxed elementor-section-height-default elementor-section-height-default\" data-id=\"8207add\" data-element_type=\"section\" data-e-type=\"section\">\n\t\t\t\t\t\t<div class=\"elementor-container elementor-column-gap-default\">\n\t\t\t\t\t<div class=\"elementor-column elementor-col-50 elementor-inner-column elementor-element elementor-element-b9bd84c\" data-id=\"b9bd84c\" data-element_type=\"column\" data-e-type=\"column\">\n\t\t\t<div class=\"elementor-widget-wrap elementor-element-populated\">\n\t\t\t\t\t\t<div class=\"elementor-element elementor-element-e733a4f elementor-widget elementor-widget-text-editor\" data-id=\"e733a4f\" data-element_type=\"widget\" data-e-type=\"widget\" data-widget_type=\"text-editor.default\">\n\t\t\t\t<div class=\"elementor-widget-container\">\n\t\t\t\t\t\t\t\t\t<p>Die obigen Preise gelten f\u00fcr Fahrten an den \u00f6ffentlichen Fahrtagen.\u00a0 Wenn Sie eine individuelle Fahrt nur f\u00fcr sich (Familie, Verein usw.) m\u00f6chten, k\u00f6nnen Sie eine Sonderfahrt buchen.\u00a0<\/p><h5>Sonderfahrt<\/h5><p>Eine Fahrt (16 Sitzpl\u00e4tze + max. 3 Stehpl\u00e4tze):<\/p><p>\u00a0 \u00a0 \u00a0 \u00a0 \u00a0 \u00a0 \u00a0 \u00a0 \u00a0 \u00a0 \u00a0 \u00a0 \u00a0 \u00a0350,00 \u20ac<\/p><p>Jede weitere anschlie\u00dfende Fahrt\u00a0<\/p><p>\u00a0 \u00a0 \u00a0 \u00a0 \u00a0 \u00a0 \u00a0 \u00a0 \u00a0 \u00a0 \u00a0 \u00a0 \u00a0 \u00a0 150,00 \u20ac<\/p>\t\t\t\t\t\t\t\t<\/div>\n\t\t\t\t<\/div>\n\t\t\t\t\t<\/div>\n\t\t<\/div>\n\t\t\t\t<div class=\"elementor-column elementor-col-50 elementor-inner-column elementor-element elementor-element-47b4bd8\" data-id=\"47b4bd8\" data-element_type=\"column\" data-e-type=\"column\">\n\t\t\t<div class=\"elementor-widget-wrap\">\n\t\t\t\t\t\t\t<\/div>\n\t\t<\/div>\n\t\t\t\t\t<\/div>\n\t\t<\/section>\n\t\t\t\t<div class=\"elementor-element elementor-element-6846456 elementor-position-top elementor-widget elementor-widget-image-box\" data-id=\"6846456\" data-element_type=\"widget\" data-e-type=\"widget\" data-widget_type=\"image-box.default\">\n\t\t\t\t<div class=\"elementor-widget-container\">\n\t\t\t\t\t<div class=\"elementor-image-box-wrapper\"><figure class=\"elementor-image-box-img\"><img decoding=\"async\" src=\"https:\/\/www.doebelner-pferdebahn.de\/WP\/wp-content\/uploads\/2018\/12\/Alter_Wagen.png\" title=\"\" alt=\"\" loading=\"lazy\" \/><\/figure><div class=\"elementor-image-box-content\"><p class=\"elementor-image-box-description\">Wagenkasten des fr\u00fcheren Triebwagens 1 als H\u00fchnerstall in Mei\u00dfen<\/p><\/div><\/div>\t\t\t\t<\/div>\n\t\t\t\t<\/div>\n\t\t\t\t\t<\/div>\n\t\t<\/div>\n\t\t\t\t\t<\/div>\n\t\t<\/section>\n\t\t\t\t<section class=\"elementor-section elementor-top-section elementor-element elementor-element-28a3747 elementor-section-boxed elementor-section-height-default elementor-section-height-default\" data-id=\"28a3747\" data-element_type=\"section\" data-e-type=\"section\">\n\t\t\t\t\t\t<div class=\"elementor-container elementor-column-gap-default\">\n\t\t\t\t\t<div class=\"elementor-column elementor-col-100 elementor-top-column elementor-element elementor-element-fb353ff\" data-id=\"fb353ff\" data-element_type=\"column\" data-e-type=\"column\">\n\t\t\t<div class=\"elementor-widget-wrap elementor-element-populated\">\n\t\t\t\t\t\t<div class=\"elementor-element elementor-element-a160d34 elementor-widget elementor-widget-text-editor\" data-id=\"a160d34\" data-element_type=\"widget\" data-e-type=\"widget\" data-widget_type=\"text-editor.default\">\n\t\t\t\t<div class=\"elementor-widget-container\">\n\t\t\t\t\t\t\t\t\t<p>Im S\u00e4chsischen Fortbildungs- und Umschulungsweg in Dresden wurde er restauriert. Das Fahrgestell des Wagens musste neu gebaut werden. Dabei wurde Wert auf niedrige Bauweise und geringes Gewicht gelegt, denn in den ersten Monaten des Pferdebahnbetriebs mussten wir den Wagen noch mit einem Autrotransportwagen vom Abstellort zur Strecke fahren und eingleisen. Nach der Fahrt ging das ganze wieder zur\u00fcck.<\/p><p>Seit Ende 2009 ist der Wagen in der Wagenhalle untergebracht, die Bestandteil des Pferdebahnmuseums ist.<\/p><p>Das Zugpferd kommt von einem Vereinsmitglied, der im D\u00f6belner Vorort Ebersbach einen Kutscherhof betreibt. Von dort kommt das Zugpferd bei anstehenden Fahrten in einem Pferdeanh\u00e4nger zum Einsatz gefahren und danach wieder zur\u00fcck in den heimatlichen Stall. Wie beim historischen Vorbild der \u201ealten\u201c D\u00f6belner Pferdebahn wird einsp\u00e4nnig gefahren. Wie ein Gutachten ergab, ist das beim geringen Gewicht des Wagens und der meist ebenen Strecke v\u00f6llig ausreichend.<\/p><p>Die Strecke ist etwa 750 m lang. Sie f\u00fchrt vom Pferdebahnmuseum durch die Theaterstra\u00dfe, dann durch die Bahnhofstra\u00dfe zum Niedermarkt und weiter durch die schmale B\u00e4ckerstra\u00dfe auf den Obermarkt. Dort f\u00e4hrt die Bahn am Rathaus mit dem davor stehenden Schlegelbrunnen vorbei und endet vor dem Alten Amtshaus. Diese Strecke deckt sich also nur teilweise mit der historischen Trasse. Am Alten Amtshaus wird das Pferd umgespannt, und die Fahrt geht auf dem selben Wege zur\u00fcck. Eine Fahrt dauert einschlie\u00dflich Umspannen etwa 20 bis 25 Minuten.<\/p><p>Die jetzt liegenden Schienen sind gebrauchte Stra\u00dfenbahnschienen aus Chemnitz, Cottbus und Leipzig. Von der alten Stra\u00dfenbahn lagen zwar auf dem Obermarkt noch einige Meter Gleis, doch war dieses nicht mehr verwendbar, denn D\u00f6beln war bereits mehrfach durch Hochwasser betroffen.<\/p><p>An Fahrtagen bzw. Tagen mit Sonderfahrten werden von uns an kritischen Stellen Poller und Absperrungen aufgestellt, damit das Gleis nicht durch parkende Autos blockiert wird. Mitunter hilft aber selbst das nicht. Eine verkehrstechnisch schwierige Stellen ist die Kreuzung an der Johannisstra\u00dfe, wo eine Lichtsignalanlage den von der Br\u00fccke kommenden Autos ein Haltsignal zeigt, wenn sich die Pferdebahn n\u00e4hert. An der Kreuzung am Theater muss ein Posten den Autoverkehr in die Theaterstra\u00dfe stoppen, wenn aus Richtung Museum die Bahn kommt und dabei entgegen der Einbahnstra\u00dfe f\u00e4hrt.<\/p>\t\t\t\t\t\t\t\t<\/div>\n\t\t\t\t<\/div>\n\t\t\t\t\t<\/div>\n\t\t<\/div>\n\t\t\t\t\t<\/div>\n\t\t<\/section>\n\t\t\t\t<section class=\"elementor-section elementor-top-section elementor-element elementor-element-089b7e8 elementor-section-boxed elementor-section-height-default elementor-section-height-default\" data-id=\"089b7e8\" data-element_type=\"section\" data-e-type=\"section\">\n\t\t\t\t\t\t<div class=\"elementor-container elementor-column-gap-default\">\n\t\t\t\t\t<div class=\"elementor-column elementor-col-100 elementor-top-column elementor-element elementor-element-edc099c\" data-id=\"edc099c\" data-element_type=\"column\" data-e-type=\"column\">\n\t\t\t<div class=\"elementor-widget-wrap elementor-element-populated\">\n\t\t\t\t\t\t<div class=\"elementor-element elementor-element-a0f31d9 elementor-widget elementor-widget-image\" data-id=\"a0f31d9\" data-element_type=\"widget\" data-e-type=\"widget\" data-widget_type=\"image.default\">\n\t\t\t\t<div class=\"elementor-widget-container\">\n\t\t\t\t\t\t\t\t\t\t\t\t<figure class=\"wp-caption\">\n\t\t\t\t\t\t\t\t\t\t<img decoding=\"async\" src=\"https:\/\/www.doebelner-pferdebahn.de\/WP\/wp-content\/uploads\/2018\/12\/Neues-Bild.png\" title=\"\" alt=\"\" loading=\"lazy\" \/>\t\t\t\t\t\t\t\t\t\t\t<figcaption class=\"widget-image-caption wp-caption-text\">Elko (links) und Kutscher Mario Lommatzsch (rechts)<\/figcaption>\n\t\t\t\t\t\t\t\t\t\t<\/figure>\n\t\t\t\t\t\t\t\t\t<\/div>\n\t\t\t\t<\/div>\n\t\t\t\t\t<\/div>\n\t\t<\/div>\n\t\t\t\t\t<\/div>\n\t\t<\/section>\n\t\t\t\t<\/div>\n\t\t","protected":false},"excerpt":{"rendered":"<p>Fahrpreise Erwachsener\u00a0 \u00a0 \u00a0 \u00a0 \u00a0 \u00a0 \u00a0 \u00a0 \u00a08,00 \u20ac Kind (3 bis 14\u00a0 Jahre)\u00a0 \u00a0 4,00 \u20ac \u00a0 Familienkarten\u00a0 2 [&hellip;]<\/p>\n","protected":false},"author":2,"featured_media":0,"parent":0,"menu_order":0,"comment_status":"closed","ping_status":"closed","template":"","meta":{"footnotes":""},"class_list":["post-112","page","type-page","status-publish","hentry"],"_links":{"self":[{"href":"https:\/\/www.doebelner-pferdebahn.de\/WP\/index.php?rest_route=\/wp\/v2\/pages\/112","targetHints":{"allow":["GET"]}}],"collection":[{"href":"https:\/\/www.doebelner-pferdebahn.de\/WP\/index.php?rest_route=\/wp\/v2\/pages"}],"about":[{"href":"https:\/\/www.doebelner-pferdebahn.de\/WP\/index.php?rest_route=\/wp\/v2\/types\/page"}],"author":[{"embeddable":true,"href":"https:\/\/www.doebelner-pferdebahn.de\/WP\/index.php?rest_route=\/wp\/v2\/users\/2"}],"replies":[{"embeddable":true,"href":"https:\/\/www.doebelner-pferdebahn.de\/WP\/index.php?rest_route=%2Fwp%2Fv2%2Fcomments&post=112"}],"version-history":[{"count":46,"href":"https:\/\/www.doebelner-pferdebahn.de\/WP\/index.php?rest_route=\/wp\/v2\/pages\/112\/revisions"}],"predecessor-version":[{"id":2595,"href":"https:\/\/www.doebelner-pferdebahn.de\/WP\/index.php?rest_route=\/wp\/v2\/pages\/112\/revisions\/2595"}],"wp:attachment":[{"href":"https:\/\/www.doebelner-pferdebahn.de\/WP\/index.php?rest_route=%2Fwp%2Fv2%2Fmedia&parent=112"}],"curies":[{"name":"wp","href":"https:\/\/api.w.org\/{rel}","templated":true}]}}