{"id":116,"date":"2018-12-18T12:51:22","date_gmt":"2018-12-18T12:51:22","guid":{"rendered":"https:\/\/www.doebelner-pferdebahn.de\/WP\/?page_id=116"},"modified":"2021-03-25T21:34:34","modified_gmt":"2021-03-25T21:34:34","slug":"mediathek","status":"publish","type":"page","link":"https:\/\/www.doebelner-pferdebahn.de\/WP\/?page_id=116","title":{"rendered":"Mediathek"},"content":{"rendered":"\t\t<div data-elementor-type=\"wp-post\" data-elementor-id=\"116\" class=\"elementor elementor-116 elementor-bc-flex-widget\">\n\t\t\t\t\t\t<section class=\"elementor-section elementor-top-section elementor-element elementor-element-549c2ec elementor-section-boxed elementor-section-height-default elementor-section-height-default\" data-id=\"549c2ec\" data-element_type=\"section\" data-e-type=\"section\">\n\t\t\t\t\t\t<div class=\"elementor-container elementor-column-gap-default\">\n\t\t\t\t\t<div class=\"elementor-column elementor-col-100 elementor-top-column elementor-element elementor-element-a57e00f\" data-id=\"a57e00f\" data-element_type=\"column\" data-e-type=\"column\">\n\t\t\t<div class=\"elementor-widget-wrap elementor-element-populated\">\n\t\t\t\t\t\t<div class=\"elementor-element elementor-element-aa6f7b2 elementor-widget elementor-widget-heading\" data-id=\"aa6f7b2\" data-element_type=\"widget\" data-e-type=\"widget\" data-widget_type=\"heading.default\">\n\t\t\t\t<div class=\"elementor-widget-container\">\n\t\t\t\t\t<h2 class=\"elementor-heading-title elementor-size-default\">Historische Bilder 1892 - 1926<\/h2>\t\t\t\t<\/div>\n\t\t\t\t<\/div>\n\t\t\t\t\t<\/div>\n\t\t<\/div>\n\t\t\t\t\t<\/div>\n\t\t<\/section>\n\t\t\t\t<section class=\"elementor-section elementor-top-section elementor-element elementor-element-ba8fb1a elementor-section-boxed elementor-section-height-default elementor-section-height-default\" data-id=\"ba8fb1a\" data-element_type=\"section\" data-e-type=\"section\">\n\t\t\t\t\t\t<div class=\"elementor-container elementor-column-gap-default\">\n\t\t\t\t\t<div class=\"elementor-column elementor-col-100 elementor-top-column elementor-element elementor-element-e7deb0e\" data-id=\"e7deb0e\" data-element_type=\"column\" data-e-type=\"column\">\n\t\t\t<div class=\"elementor-widget-wrap elementor-element-populated\">\n\t\t\t\t\t\t<div class=\"elementor-element elementor-element-51fd4a5 elementor-widget elementor-widget-image-gallery\" data-id=\"51fd4a5\" data-element_type=\"widget\" data-e-type=\"widget\" data-widget_type=\"image-gallery.default\">\n\t\t\t\t<div class=\"elementor-widget-container\">\n\t\t\t\t\t\t\t<div class=\"elementor-image-gallery\">\n\t\t\t<div id='gallery-1' class='gallery galleryid-116 gallery-columns-4 gallery-size-thumbnail'><figure class='gallery-item'>\n\t\t\t<div class='gallery-icon landscape'>\n\t\t\t\t<a data-elementor-open-lightbox=\"yes\" data-elementor-lightbox-slideshow=\"51fd4a5\" data-elementor-lightbox-title=\"Hauptbahnhof\" data-e-action-hash=\"#elementor-action%3Aaction%3Dlightbox%26settings%3DeyJpZCI6NDY2LCJ1cmwiOiJodHRwczpcL1wvd3d3LmRvZWJlbG5lci1wZmVyZGViYWhuLmRlXC9XUFwvd3AtY29udGVudFwvdXBsb2Fkc1wvMjAxOFwvMTJcL0hhdXB0YmFobmhvZi5qcGciLCJzbGlkZXNob3ciOiI1MWZkNGE1In0%3D\" href='https:\/\/www.doebelner-pferdebahn.de\/WP\/wp-content\/uploads\/2018\/12\/Hauptbahnhof.jpg'><img decoding=\"async\" width=\"150\" height=\"150\" src=\"https:\/\/www.doebelner-pferdebahn.de\/WP\/wp-content\/uploads\/2018\/12\/Hauptbahnhof-150x150.jpg\" class=\"attachment-thumbnail size-thumbnail\" alt=\"\" aria-describedby=\"gallery-1-466\" \/><\/a>\n\t\t\t<\/div>\n\t\t\t\t<figcaption class='wp-caption-text gallery-caption' id='gallery-1-466'>\n\t\t\t\tEndstelle vor dem Hauptbahnhof\n\t\t\t\t<\/figcaption><\/figure><figure class='gallery-item'>\n\t\t\t<div class='gallery-icon landscape'>\n\t\t\t\t<a data-elementor-open-lightbox=\"yes\" data-elementor-lightbox-slideshow=\"51fd4a5\" data-elementor-lightbox-title=\"Niedermarkt\" data-e-action-hash=\"#elementor-action%3Aaction%3Dlightbox%26settings%3DeyJpZCI6NDY4LCJ1cmwiOiJodHRwczpcL1wvd3d3LmRvZWJlbG5lci1wZmVyZGViYWhuLmRlXC9XUFwvd3AtY29udGVudFwvdXBsb2Fkc1wvMjAxOFwvMTJcL05pZWRlcm1hcmt0LmpwZyIsInNsaWRlc2hvdyI6IjUxZmQ0YTUifQ%3D%3D\" href='https:\/\/www.doebelner-pferdebahn.de\/WP\/wp-content\/uploads\/2018\/12\/Niedermarkt.jpg'><img decoding=\"async\" width=\"150\" height=\"150\" src=\"https:\/\/www.doebelner-pferdebahn.de\/WP\/wp-content\/uploads\/2018\/12\/Niedermarkt-150x150.jpg\" class=\"attachment-thumbnail size-thumbnail\" alt=\"\" aria-describedby=\"gallery-1-468\" \/><\/a>\n\t\t\t<\/div>\n\t\t\t\t<figcaption class='wp-caption-text gallery-caption' id='gallery-1-468'>\n\t\t\t\tBlick auf den Niedermarkt\n\t\t\t\t<\/figcaption><\/figure><figure class='gallery-item'>\n\t\t\t<div class='gallery-icon landscape'>\n\t\t\t\t<a data-elementor-open-lightbox=\"yes\" data-elementor-lightbox-slideshow=\"51fd4a5\" data-elementor-lightbox-title=\"Hotel Goldne Sonne\" data-e-action-hash=\"#elementor-action%3Aaction%3Dlightbox%26settings%3DeyJpZCI6NDY3LCJ1cmwiOiJodHRwczpcL1wvd3d3LmRvZWJlbG5lci1wZmVyZGViYWhuLmRlXC9XUFwvd3AtY29udGVudFwvdXBsb2Fkc1wvMjAxOFwvMTJcL0hvdGVsLUdvbGRuZS1Tb25uZS5qcGciLCJzbGlkZXNob3ciOiI1MWZkNGE1In0%3D\" href='https:\/\/www.doebelner-pferdebahn.de\/WP\/wp-content\/uploads\/2018\/12\/Hotel-Goldne-Sonne.jpg'><img decoding=\"async\" width=\"150\" height=\"150\" src=\"https:\/\/www.doebelner-pferdebahn.de\/WP\/wp-content\/uploads\/2018\/12\/Hotel-Goldne-Sonne-150x150.jpg\" class=\"attachment-thumbnail size-thumbnail\" alt=\"\" aria-describedby=\"gallery-1-467\" \/><\/a>\n\t\t\t<\/div>\n\t\t\t\t<figcaption class='wp-caption-text gallery-caption' id='gallery-1-467'>\n\t\t\t\tHotel Goldne Sonne\n\t\t\t\t<\/figcaption><\/figure><figure class='gallery-item'>\n\t\t\t<div class='gallery-icon landscape'>\n\t\t\t\t<a data-elementor-open-lightbox=\"yes\" data-elementor-lightbox-slideshow=\"51fd4a5\" data-elementor-lightbox-title=\"AK19\" data-e-action-hash=\"#elementor-action%3Aaction%3Dlightbox%26settings%3DeyJpZCI6MzczLCJ1cmwiOiJodHRwczpcL1wvd3d3LmRvZWJlbG5lci1wZmVyZGViYWhuLmRlXC9XUFwvd3AtY29udGVudFwvdXBsb2Fkc1wvMjAxOFwvMTJcL0FLMTkuanBnIiwic2xpZGVzaG93IjoiNTFmZDRhNSJ9\" href='https:\/\/www.doebelner-pferdebahn.de\/WP\/wp-content\/uploads\/2018\/12\/AK19.jpg'><img loading=\"lazy\" decoding=\"async\" width=\"150\" height=\"150\" src=\"https:\/\/www.doebelner-pferdebahn.de\/WP\/wp-content\/uploads\/2018\/12\/AK19-150x150.jpg\" class=\"attachment-thumbnail size-thumbnail\" alt=\"\" aria-describedby=\"gallery-1-373\" \/><\/a>\n\t\t\t<\/div>\n\t\t\t\t<figcaption class='wp-caption-text gallery-caption' id='gallery-1-373'>\n\t\t\t\t19 Wagen 6 an der Oschatzer Str.\n\t\t\t\t<\/figcaption><\/figure><figure class='gallery-item'>\n\t\t\t<div class='gallery-icon landscape'>\n\t\t\t\t<a data-elementor-open-lightbox=\"yes\" data-elementor-lightbox-slideshow=\"51fd4a5\" data-elementor-lightbox-title=\"Doebeln Endstation Weisses Kreuz\" data-e-action-hash=\"#elementor-action%3Aaction%3Dlightbox%26settings%3DeyJpZCI6MjUxLCJ1cmwiOiJodHRwczpcL1wvd3d3LmRvZWJlbG5lci1wZmVyZGViYWhuLmRlXC9XUFwvd3AtY29udGVudFwvdXBsb2Fkc1wvMjAxOFwvMTJcL0RvZWJlbG4tRW5kc3RhdGlvbi1XZWlzc2VzLUtyZXV6LmpwZyIsInNsaWRlc2hvdyI6IjUxZmQ0YTUifQ%3D%3D\" href='https:\/\/www.doebelner-pferdebahn.de\/WP\/wp-content\/uploads\/2018\/12\/Doebeln-Endstation-Weisses-Kreuz.jpg'><img loading=\"lazy\" decoding=\"async\" width=\"150\" height=\"150\" src=\"https:\/\/www.doebelner-pferdebahn.de\/WP\/wp-content\/uploads\/2018\/12\/Doebeln-Endstation-Weisses-Kreuz-150x150.jpg\" class=\"attachment-thumbnail size-thumbnail\" alt=\"\" aria-describedby=\"gallery-1-251\" \/><\/a>\n\t\t\t<\/div>\n\t\t\t\t<figcaption class='wp-caption-text gallery-caption' id='gallery-1-251'>\n\t\t\t\tEndstelle Wei\u00dfes Kreuz Ganz rechts am Bildrand ist die Gastst\u00e4tte Wei\u00dfes Kreuz, wo das Gleis der Pferdebahn endete\n\t\t\t\t<\/figcaption><\/figure>\n\t\t<\/div>\n\t\t<\/div>\n\t\t\t\t\t\t<\/div>\n\t\t\t\t<\/div>\n\t\t\t\t\t<\/div>\n\t\t<\/div>\n\t\t\t\t\t<\/div>\n\t\t<\/section>\n\t\t\t\t<section class=\"elementor-section elementor-top-section elementor-element elementor-element-560236f elementor-section-boxed elementor-section-height-default elementor-section-height-default\" data-id=\"560236f\" data-element_type=\"section\" data-e-type=\"section\">\n\t\t\t\t\t\t<div class=\"elementor-container elementor-column-gap-default\">\n\t\t\t\t\t<div class=\"elementor-column elementor-col-100 elementor-top-column elementor-element elementor-element-623cac9\" data-id=\"623cac9\" data-element_type=\"column\" data-e-type=\"column\">\n\t\t\t<div class=\"elementor-widget-wrap elementor-element-populated\">\n\t\t\t\t\t\t<div class=\"elementor-element elementor-element-df6ad9c elementor-widget elementor-widget-heading\" data-id=\"df6ad9c\" data-element_type=\"widget\" data-e-type=\"widget\" data-widget_type=\"heading.default\">\n\t\t\t\t<div class=\"elementor-widget-container\">\n\t\t\t\t\t<h2 class=\"elementor-heading-title elementor-size-default\">Vorbereitung der Museumsbahn ab 2002<\/h2>\t\t\t\t<\/div>\n\t\t\t\t<\/div>\n\t\t\t\t\t<\/div>\n\t\t<\/div>\n\t\t\t\t\t<\/div>\n\t\t<\/section>\n\t\t\t\t<section class=\"elementor-section elementor-top-section elementor-element elementor-element-e36dbba elementor-section-boxed elementor-section-height-default elementor-section-height-default\" data-id=\"e36dbba\" data-element_type=\"section\" data-e-type=\"section\">\n\t\t\t\t\t\t<div class=\"elementor-container elementor-column-gap-default\">\n\t\t\t\t\t<div class=\"elementor-column elementor-col-100 elementor-top-column elementor-element elementor-element-e56a282\" data-id=\"e56a282\" data-element_type=\"column\" data-e-type=\"column\">\n\t\t\t<div class=\"elementor-widget-wrap elementor-element-populated\">\n\t\t\t\t\t\t<div class=\"elementor-element elementor-element-dcef7df elementor-widget elementor-widget-image-gallery\" data-id=\"dcef7df\" data-element_type=\"widget\" data-e-type=\"widget\" data-widget_type=\"image-gallery.default\">\n\t\t\t\t<div class=\"elementor-widget-container\">\n\t\t\t\t\t\t\t<div class=\"elementor-image-gallery\">\n\t\t\t<div id='gallery-2' class='gallery galleryid-116 gallery-columns-4 gallery-size-thumbnail'><figure class='gallery-item'>\n\t\t\t<div class='gallery-icon landscape'>\n\t\t\t\t<a data-elementor-open-lightbox=\"yes\" data-elementor-lightbox-slideshow=\"dcef7df\" data-elementor-lightbox-title=\"PICT0963\" data-e-action-hash=\"#elementor-action%3Aaction%3Dlightbox%26settings%3DeyJpZCI6MzU1LCJ1cmwiOiJodHRwczpcL1wvd3d3LmRvZWJlbG5lci1wZmVyZGViYWhuLmRlXC9XUFwvd3AtY29udGVudFwvdXBsb2Fkc1wvMjAxOFwvMTJcL1BJQ1QwOTYzLmpwZyIsInNsaWRlc2hvdyI6ImRjZWY3ZGYifQ%3D%3D\" href='https:\/\/www.doebelner-pferdebahn.de\/WP\/wp-content\/uploads\/2018\/12\/PICT0963.jpg'><img loading=\"lazy\" decoding=\"async\" width=\"150\" height=\"150\" src=\"https:\/\/www.doebelner-pferdebahn.de\/WP\/wp-content\/uploads\/2018\/12\/PICT0963-150x150.jpg\" class=\"attachment-thumbnail size-thumbnail\" alt=\"\" aria-describedby=\"gallery-2-355\" \/><\/a>\n\t\t\t<\/div>\n\t\t\t\t<figcaption class='wp-caption-text gallery-caption' id='gallery-2-355'>\n\t\t\t\tBeginn des Gleisbaus f\u00fcr die &#8222;neue&#8220; Pferdebahn\n\t\t\t\t<\/figcaption><\/figure><figure class='gallery-item'>\n\t\t\t<div class='gallery-icon landscape'>\n\t\t\t\t<a data-elementor-open-lightbox=\"yes\" data-elementor-lightbox-slideshow=\"dcef7df\" data-elementor-lightbox-title=\"PICT0957\" data-e-action-hash=\"#elementor-action%3Aaction%3Dlightbox%26settings%3DeyJpZCI6MzU0LCJ1cmwiOiJodHRwczpcL1wvd3d3LmRvZWJlbG5lci1wZmVyZGViYWhuLmRlXC9XUFwvd3AtY29udGVudFwvdXBsb2Fkc1wvMjAxOFwvMTJcL1BJQ1QwOTU3LmpwZyIsInNsaWRlc2hvdyI6ImRjZWY3ZGYifQ%3D%3D\" href='https:\/\/www.doebelner-pferdebahn.de\/WP\/wp-content\/uploads\/2018\/12\/PICT0957.jpg'><img loading=\"lazy\" decoding=\"async\" width=\"150\" height=\"150\" src=\"https:\/\/www.doebelner-pferdebahn.de\/WP\/wp-content\/uploads\/2018\/12\/PICT0957-150x150.jpg\" class=\"attachment-thumbnail size-thumbnail\" alt=\"\" aria-describedby=\"gallery-2-354\" \/><\/a>\n\t\t\t<\/div>\n\t\t\t\t<figcaption class='wp-caption-text gallery-caption' id='gallery-2-354'>\n\t\t\t\tBei der offiziellen Grundsteinlegung 2005\n\t\t\t\t<\/figcaption><\/figure>\n\t\t<\/div>\n\t\t<\/div>\n\t\t\t\t\t\t<\/div>\n\t\t\t\t<\/div>\n\t\t\t\t\t<\/div>\n\t\t<\/div>\n\t\t\t\t\t<\/div>\n\t\t<\/section>\n\t\t\t\t<section class=\"elementor-section elementor-top-section elementor-element elementor-element-0021649 elementor-section-boxed elementor-section-height-default elementor-section-height-default\" data-id=\"0021649\" data-element_type=\"section\" data-e-type=\"section\">\n\t\t\t\t\t\t<div class=\"elementor-container elementor-column-gap-default\">\n\t\t\t\t\t<div class=\"elementor-column elementor-col-100 elementor-top-column elementor-element elementor-element-cf1498f\" data-id=\"cf1498f\" data-element_type=\"column\" data-e-type=\"column\">\n\t\t\t<div class=\"elementor-widget-wrap elementor-element-populated\">\n\t\t\t\t\t\t<div class=\"elementor-element elementor-element-8529a61 elementor-widget elementor-widget-heading\" data-id=\"8529a61\" data-element_type=\"widget\" data-e-type=\"widget\" data-widget_type=\"heading.default\">\n\t\t\t\t<div class=\"elementor-widget-container\">\n\t\t\t\t\t<h2 class=\"elementor-heading-title elementor-size-default\">Museumsbahn seit 2007<\/h2>\t\t\t\t<\/div>\n\t\t\t\t<\/div>\n\t\t\t\t\t<\/div>\n\t\t<\/div>\n\t\t\t\t\t<\/div>\n\t\t<\/section>\n\t\t\t\t<section class=\"elementor-section elementor-top-section elementor-element elementor-element-baf1ba0 elementor-section-boxed elementor-section-height-default elementor-section-height-default\" data-id=\"baf1ba0\" data-element_type=\"section\" data-e-type=\"section\">\n\t\t\t\t\t\t<div class=\"elementor-container elementor-column-gap-default\">\n\t\t\t\t\t<div class=\"elementor-column elementor-col-100 elementor-top-column elementor-element elementor-element-15fc1a5\" data-id=\"15fc1a5\" data-element_type=\"column\" data-e-type=\"column\">\n\t\t\t<div class=\"elementor-widget-wrap elementor-element-populated\">\n\t\t\t\t\t\t<div class=\"elementor-element elementor-element-57eb1a1 elementor-widget elementor-widget-image-gallery\" data-id=\"57eb1a1\" data-element_type=\"widget\" data-e-type=\"widget\" data-widget_type=\"image-gallery.default\">\n\t\t\t\t<div class=\"elementor-widget-container\">\n\t\t\t\t\t\t\t<div class=\"elementor-image-gallery\">\n\t\t\t<div id='gallery-3' class='gallery galleryid-116 gallery-columns-4 gallery-size-thumbnail'><figure class='gallery-item'>\n\t\t\t<div class='gallery-icon landscape'>\n\t\t\t\t<a data-elementor-open-lightbox=\"yes\" data-elementor-lightbox-slideshow=\"57eb1a1\" data-elementor-lightbox-title=\"Eroeffnung 2007\" data-e-action-hash=\"#elementor-action%3Aaction%3Dlightbox%26settings%3DeyJpZCI6NDY1LCJ1cmwiOiJodHRwczpcL1wvd3d3LmRvZWJlbG5lci1wZmVyZGViYWhuLmRlXC9XUFwvd3AtY29udGVudFwvdXBsb2Fkc1wvMjAxOFwvMTJcL0Vyb2VmZm51bmctMjAwNy5qcGciLCJzbGlkZXNob3ciOiI1N2ViMWExIn0%3D\" href='https:\/\/www.doebelner-pferdebahn.de\/WP\/wp-content\/uploads\/2018\/12\/Eroeffnung-2007.jpg'><img loading=\"lazy\" decoding=\"async\" width=\"150\" height=\"150\" src=\"https:\/\/www.doebelner-pferdebahn.de\/WP\/wp-content\/uploads\/2018\/12\/Eroeffnung-2007-150x150.jpg\" class=\"attachment-thumbnail size-thumbnail\" alt=\"\" aria-describedby=\"gallery-3-465\" \/><\/a>\n\t\t\t<\/div>\n\t\t\t\t<figcaption class='wp-caption-text gallery-caption' id='gallery-3-465'>\n\t\t\t\tEr\u00f6ffnung 2007 am Obermarkt\n\t\t\t\t<\/figcaption><\/figure><figure class='gallery-item'>\n\t\t\t<div class='gallery-icon landscape'>\n\t\t\t\t<a data-elementor-open-lightbox=\"yes\" data-elementor-lightbox-slideshow=\"57eb1a1\" data-elementor-lightbox-title=\"2016_06_19 041\" data-e-action-hash=\"#elementor-action%3Aaction%3Dlightbox%26settings%3DeyJpZCI6Nzk5LCJ1cmwiOiJodHRwczpcL1wvd3d3LmRvZWJlbG5lci1wZmVyZGViYWhuLmRlXC9XUFwvd3AtY29udGVudFwvdXBsb2Fkc1wvMjAxOVwvMDFcLzIwMTZfMDZfMTktMDQxLmpwZyIsInNsaWRlc2hvdyI6IjU3ZWIxYTEifQ%3D%3D\" href='https:\/\/www.doebelner-pferdebahn.de\/WP\/wp-content\/uploads\/2019\/01\/2016_06_19-041.jpg'><img loading=\"lazy\" decoding=\"async\" width=\"150\" height=\"150\" src=\"https:\/\/www.doebelner-pferdebahn.de\/WP\/wp-content\/uploads\/2019\/01\/2016_06_19-041-150x150.jpg\" class=\"attachment-thumbnail size-thumbnail\" alt=\"\" aria-describedby=\"gallery-3-799\" \/><\/a>\n\t\t\t<\/div>\n\t\t\t\t<figcaption class='wp-caption-text gallery-caption' id='gallery-3-799'>\n\t\t\t\tBeim Festumzug zum Stadtfest 2016\n\t\t\t\t<\/figcaption><\/figure>\n\t\t<\/div>\n\t\t<\/div>\n\t\t\t\t\t\t<\/div>\n\t\t\t\t<\/div>\n\t\t\t\t\t<\/div>\n\t\t<\/div>\n\t\t\t\t\t<\/div>\n\t\t<\/section>\n\t\t\t\t<\/div>\n\t\t","protected":false},"excerpt":{"rendered":"<p>Historische Bilder 1892 &#8211; 1926 Endstelle vor dem Hauptbahnhof Blick auf den Niedermarkt Hotel Goldne Sonne 19 Wagen 6 an der Oschatzer [&hellip;]<\/p>\n","protected":false},"author":2,"featured_media":0,"parent":0,"menu_order":0,"comment_status":"closed","ping_status":"closed","template":"","meta":{"footnotes":""},"class_list":["post-116","page","type-page","status-publish","hentry"],"_links":{"self":[{"href":"https:\/\/www.doebelner-pferdebahn.de\/WP\/index.php?rest_route=\/wp\/v2\/pages\/116","targetHints":{"allow":["GET"]}}],"collection":[{"href":"https:\/\/www.doebelner-pferdebahn.de\/WP\/index.php?rest_route=\/wp\/v2\/pages"}],"about":[{"href":"https:\/\/www.doebelner-pferdebahn.de\/WP\/index.php?rest_route=\/wp\/v2\/types\/page"}],"author":[{"embeddable":true,"href":"https:\/\/www.doebelner-pferdebahn.de\/WP\/index.php?rest_route=\/wp\/v2\/users\/2"}],"replies":[{"embeddable":true,"href":"https:\/\/www.doebelner-pferdebahn.de\/WP\/index.php?rest_route=%2Fwp%2Fv2%2Fcomments&post=116"}],"version-history":[{"count":8,"href":"https:\/\/www.doebelner-pferdebahn.de\/WP\/index.php?rest_route=\/wp\/v2\/pages\/116\/revisions"}],"predecessor-version":[{"id":800,"href":"https:\/\/www.doebelner-pferdebahn.de\/WP\/index.php?rest_route=\/wp\/v2\/pages\/116\/revisions\/800"}],"wp:attachment":[{"href":"https:\/\/www.doebelner-pferdebahn.de\/WP\/index.php?rest_route=%2Fwp%2Fv2%2Fmedia&parent=116"}],"curies":[{"name":"wp","href":"https:\/\/api.w.org\/{rel}","templated":true}]}}