{"id":1218,"date":"2020-02-19T10:37:04","date_gmt":"2020-02-19T10:37:04","guid":{"rendered":"https:\/\/www.doebelner-pferdebahn.de\/WP\/?page_id=1218"},"modified":"2025-04-29T18:33:55","modified_gmt":"2025-04-29T18:33:55","slug":"automatisch-gespeicherter-entwurf-2","status":"publish","type":"page","link":"https:\/\/www.doebelner-pferdebahn.de\/WP\/?page_id=1218","title":{"rendered":"Tschechisch"},"content":{"rendered":"\t\t<div data-elementor-type=\"wp-post\" data-elementor-id=\"1218\" class=\"elementor elementor-1218\">\n\t\t\t\t\t\t<section class=\"elementor-section elementor-top-section elementor-element elementor-element-b403ebc elementor-section-boxed elementor-section-height-default elementor-section-height-default\" data-id=\"b403ebc\" data-element_type=\"section\" data-e-type=\"section\">\n\t\t\t\t\t\t<div class=\"elementor-container elementor-column-gap-default\">\n\t\t\t\t\t<div class=\"elementor-column elementor-col-100 elementor-top-column elementor-element elementor-element-f2018a6\" data-id=\"f2018a6\" data-element_type=\"column\" data-e-type=\"column\">\n\t\t\t<div class=\"elementor-widget-wrap elementor-element-populated\">\n\t\t\t\t\t\t<div class=\"elementor-element elementor-element-429e696 elementor-widget elementor-widget-text-editor\" data-id=\"429e696\" data-element_type=\"widget\" data-e-type=\"widget\" data-widget_type=\"text-editor.default\">\n\t\t\t\t<div class=\"elementor-widget-container\">\n\t\t\t\t\t\t\t\t\t<h4 dir=\"ltr\" style=\"text-align: left;\" data-placeholder=\"\u00dcbersetzung\">\u00a0<\/h4><h2 lang=\"cs-CZ\">Muzeum ko\u0148sk\u00e9 tramvaje ve m\u011bst\u011b D\u00f6beln<\/h2><p><span style=\"font-size: 16px;\">Co zde najdete?<\/span><\/p><div>\u00a0<\/div><p lang=\"cs-CZ\"><span lang=\"cs-CZ\">Ve m\u011bst\u011b Doebeln najdete ko\u0148skou tramvaj a muzeum Muzeum ko\u0148sk\u00e9 dr\u00e1hy.<\/span><\/p><p lang=\"cs-CZ\"><span lang=\"cs-CZ\">Tra\u0165 ko\u0148sk\u00e9 tramvaje je dlouh\u00e1 asi 750 metr\u016f. M\u00e1 rozchod 1000 mm.<\/span><\/p><p lang=\"cs-CZ\"><span lang=\"cs-CZ\">Za\u010d\u00edn\u00e1 u muzeu tramvajov\u00fdch kon\u00ed a vede p\u0159es Niedermarkt do Obermarktu v centru m\u011bsta.<\/span><\/p><p lang=\"cs-CZ\"><span lang=\"cs-CZ\">Muzeum ko\u0148sk\u00fdch tramvaj\u00ed vysv\u011btluje historii ko\u0148sk\u00fdch \u017eeleznic a ko\u0148sk\u00fdch tramvaj\u00ed. Existuje mnoho obr\u00e1zk\u016f, n\u011bkter\u00e9 modely i ko\u0148sk\u00e9 tramvajov\u00e9 modely.<\/span><\/p><h3 lang=\"cs-CZ\"><span lang=\"cs-CZ\">Kdy\u017e jsme otev\u0159eni?<\/span><\/h3><p lang=\"cs-CZ\"><span lang=\"cs-CZ\">Tramvaj jezd\u00ed na koni prvn\u00ed sobotu m\u011bs\u00edce od kv\u011btna do \u0159\u00edjna. Odjezdy v muze\u00edch pro tramvajov\u00e9 kon\u011b jsou od 10,00 do 12<span style=\"color: #ff0000;\">,<\/span>00 a od 14,00 do 16,30 v z\u00e1vislosti na popt\u00e1vce. Jedna j\u00edzda trv\u00e1 asi 20 nebo 25 minut.<\/span><\/p><p lang=\"cs-CZ\"><span lang=\"cs-CZ\">Muzeum ko\u0148sk\u00fdch tramvaj\u00ed je otev\u0159eno od \u00fater\u00fd do p\u00e1tku 10,00 &#8211; 12,00 a 13,00 &#8211; 16,00, v sobotu 10,00 &#8211; 12,00 (s v\u00fdjimkou prvn\u00ed soboty m\u011bs\u00edc\u016f kv\u011bten &#8211; \u0159\u00edjen, kdy je v provozu ko\u0148sk\u00e1 tramvaj, v t\u011bchto dnech je otev\u0159eno do 17:00) . <\/span><span lang=\"cs-CZ\">Muzeum je v ned\u011bli, pond\u011bl\u00ed a ve sv\u00e1tky uzav\u0159eno.<\/span> <span lang=\"cs-CZ\">Uzav\u0159eno je 24. a 31. prosince a tak\u00e9 v prvn\u00edch dvou t\u00fddnech ledna.<\/span> \u00a0<\/p><h3 lang=\"cs-CZ\"><span lang=\"cs-CZ\">Jak n\u00e1s najdete<\/span><\/h3><h4 lang=\"cs-CZ\"><span lang=\"cs-CZ\">Autem:<\/span><\/h4><p lang=\"cs-CZ\"><span lang=\"cs-CZ\">D\u00e1lnice 14 Lipsko &#8211; Dr\u00e1\u017e\u010fany do \u201eDoebeln Nord\u201c nebo \u201eDoebeln Ost\u201c, odtud do m\u011bsta<\/span> <span lang=\"cs-CZ\">nebo<\/span> <span lang=\"cs-CZ\">D\u00e1lnice 4 Chemnitz &#8211; Dr\u00e1\u017e\u010fany do Hainichenu, odtud na ulici B169 do Doebelnu.<\/span><\/p><h4 lang=\"cs-CZ\"><span lang=\"cs-CZ\">\u017deleznic\u00ed a autobusem:<\/span><\/h4><p lang=\"cs-CZ\"><span lang=\"cs-CZ\">Je\u010fte vlakem Leipzig &#8211; Doebeln (RB 110) nebo vlakem Elsterwerda &#8211; Riesa &#8211; Doebeln &#8211; Chemnitz (RB 45)<\/span><\/p><p lang=\"cs-CZ\"><span lang=\"cs-CZ\">Z hlavn\u00edho n\u00e1dra\u017e\u00ed Doebeln je\u010fte m\u011bstskou autobusovou linkou A nebo C na zast\u00e1vku \u201ePferdebahnmuseum\u201c nebo region\u00e1ln\u00ed autobusovou cestou 750 na \u201eKoernerplatz\u201c.<\/span><\/p><p lang=\"cs-CZ\"><span lang=\"cs-CZ\">Z Dr\u00e1\u017e\u010fan vlakem a autobusem:<\/span> <span lang=\"cs-CZ\">Je\u010fte po \u017eeleznici S1 za Meissen, vyje\u010fte na \u201eMeissen\u201c (prvn\u00ed zast\u00e1vka v tomto m\u011bst\u011b). Jd\u011bte na hlavn\u00ed autobusov\u00e9 n\u00e1dra\u017e\u00ed (asi 5 minut ch\u016fze) a autobusem linku 416 do Doebelnu. Vystupte na centr\u00e1ln\u00ed autobusov\u00e9 n\u00e1dra\u017e\u00ed Doebeln (Busbahnhof).<\/span><\/p><p lang=\"cs-CZ\"><span lang=\"cs-CZ\">Jinak m\u016f\u017eete jet autobusovou cestou 424 Dr\u00e1\u017e\u010fany &#8211; Nossen a zm\u011bnit Nossen Markt na autobusovou linku 750 pro Doebeln. Vystupte na zast\u00e1vce Doebeln Koernerplatz.<\/span><\/p><p>Kv\u016fli pandemii koronaviru je muzeum uzav\u0159eno!<\/p>\t\t\t\t\t\t\t\t<\/div>\n\t\t\t\t<\/div>\n\t\t\t\t\t<\/div>\n\t\t<\/div>\n\t\t\t\t\t<\/div>\n\t\t<\/section>\n\t\t\t\t<section class=\"elementor-section elementor-top-section elementor-element elementor-element-9fe0ec1 elementor-section-boxed elementor-section-height-default elementor-section-height-default\" data-id=\"9fe0ec1\" data-element_type=\"section\" data-e-type=\"section\">\n\t\t\t\t\t\t<div class=\"elementor-container elementor-column-gap-default\">\n\t\t\t\t\t<div class=\"elementor-column elementor-col-100 elementor-top-column elementor-element elementor-element-eab217f\" data-id=\"eab217f\" data-element_type=\"column\" data-e-type=\"column\">\n\t\t\t<div class=\"elementor-widget-wrap elementor-element-populated\">\n\t\t\t\t\t\t<div class=\"elementor-element elementor-element-5f71e44 elementor-widget elementor-widget-image\" data-id=\"5f71e44\" data-element_type=\"widget\" data-e-type=\"widget\" data-widget_type=\"image.default\">\n\t\t\t\t<div class=\"elementor-widget-container\">\n\t\t\t\t\t\t\t\t\t\t\t\t\t\t\t<img fetchpriority=\"high\" decoding=\"async\" width=\"1024\" height=\"620\" src=\"https:\/\/www.doebelner-pferdebahn.de\/WP\/wp-content\/uploads\/2020\/02\/Heckelhaus-web-1024x620.jpg\" class=\"attachment-large size-large wp-image-1222\" alt=\"\" srcset=\"https:\/\/www.doebelner-pferdebahn.de\/WP\/wp-content\/uploads\/2020\/02\/Heckelhaus-web-1024x620.jpg 1024w, https:\/\/www.doebelner-pferdebahn.de\/WP\/wp-content\/uploads\/2020\/02\/Heckelhaus-web-300x182.jpg 300w, https:\/\/www.doebelner-pferdebahn.de\/WP\/wp-content\/uploads\/2020\/02\/Heckelhaus-web-768x465.jpg 768w, https:\/\/www.doebelner-pferdebahn.de\/WP\/wp-content\/uploads\/2020\/02\/Heckelhaus-web-830x503.jpg 830w, https:\/\/www.doebelner-pferdebahn.de\/WP\/wp-content\/uploads\/2020\/02\/Heckelhaus-web-230x139.jpg 230w, https:\/\/www.doebelner-pferdebahn.de\/WP\/wp-content\/uploads\/2020\/02\/Heckelhaus-web-350x212.jpg 350w, https:\/\/www.doebelner-pferdebahn.de\/WP\/wp-content\/uploads\/2020\/02\/Heckelhaus-web-480x291.jpg 480w\" sizes=\"(max-width: 1024px) 100vw, 1024px\" \/>\t\t\t\t\t\t\t\t\t\t\t\t\t\t\t<\/div>\n\t\t\t\t<\/div>\n\t\t\t\t\t<\/div>\n\t\t<\/div>\n\t\t\t\t\t<\/div>\n\t\t<\/section>\n\t\t\t\t<\/div>\n\t\t","protected":false},"excerpt":{"rendered":"<p>\u00a0 Muzeum ko\u0148sk\u00e9 tramvaje ve m\u011bst\u011b D\u00f6beln Co zde najdete? \u00a0 Ve m\u011bst\u011b Doebeln najdete ko\u0148skou tramvaj a muzeum Muzeum ko\u0148sk\u00e9 dr\u00e1hy. [&hellip;]<\/p>\n","protected":false},"author":3,"featured_media":0,"parent":0,"menu_order":0,"comment_status":"closed","ping_status":"closed","template":"","meta":{"footnotes":""},"class_list":["post-1218","page","type-page","status-publish","hentry"],"_links":{"self":[{"href":"https:\/\/www.doebelner-pferdebahn.de\/WP\/index.php?rest_route=\/wp\/v2\/pages\/1218","targetHints":{"allow":["GET"]}}],"collection":[{"href":"https:\/\/www.doebelner-pferdebahn.de\/WP\/index.php?rest_route=\/wp\/v2\/pages"}],"about":[{"href":"https:\/\/www.doebelner-pferdebahn.de\/WP\/index.php?rest_route=\/wp\/v2\/types\/page"}],"author":[{"embeddable":true,"href":"https:\/\/www.doebelner-pferdebahn.de\/WP\/index.php?rest_route=\/wp\/v2\/users\/3"}],"replies":[{"embeddable":true,"href":"https:\/\/www.doebelner-pferdebahn.de\/WP\/index.php?rest_route=%2Fwp%2Fv2%2Fcomments&post=1218"}],"version-history":[{"count":29,"href":"https:\/\/www.doebelner-pferdebahn.de\/WP\/index.php?rest_route=\/wp\/v2\/pages\/1218\/revisions"}],"predecessor-version":[{"id":2496,"href":"https:\/\/www.doebelner-pferdebahn.de\/WP\/index.php?rest_route=\/wp\/v2\/pages\/1218\/revisions\/2496"}],"wp:attachment":[{"href":"https:\/\/www.doebelner-pferdebahn.de\/WP\/index.php?rest_route=%2Fwp%2Fv2%2Fmedia&parent=1218"}],"curies":[{"name":"wp","href":"https:\/\/api.w.org\/{rel}","templated":true}]}}