{"id":129,"date":"2018-12-18T12:54:46","date_gmt":"2018-12-18T12:54:46","guid":{"rendered":"https:\/\/www.doebelner-pferdebahn.de\/WP\/?page_id=129"},"modified":"2022-01-17T10:28:29","modified_gmt":"2022-01-17T10:28:29","slug":"ansprechpartner","status":"publish","type":"page","link":"https:\/\/www.doebelner-pferdebahn.de\/WP\/?page_id=129","title":{"rendered":"Ansprechpartner"},"content":{"rendered":"<p>Anfragen zu \u00d6ffnungszeiten des Museums, Fahrtagen der Pferdebahn, Sonderfahrten, Souvenirs und \u00e4hnlichem k\u00f6nnen Sie an das B\u00fcro im Museum richten:<\/p>\n<p>Telefon\u00a003431 &#8211; 7 04 68 52<\/p>\n<p>Email info@doebelner-pferdebahn.de<\/p>\n<p>&nbsp;<\/p>\n<p>Bei speziellen Fragen k\u00f6nnen Sie sich auch an die Mitglieder des Vorstands wenden:<\/p>\n<p>Vorsitzender:<br \/>\nJ\u00f6rg Lippert\u00a0 joerg_lippert@web.de<\/p>\n<p>Stellvertretender Vorsitzender:<br \/>\nNorbert Kuschinski<\/p>\n<p>Schatzmeister:<br \/>\nAlfred Klepzig<\/p>\n<p>&nbsp;<\/p>\n","protected":false},"excerpt":{"rendered":"<p>Anfragen zu \u00d6ffnungszeiten des Museums, Fahrtagen der Pferdebahn, Sonderfahrten, Souvenirs und \u00e4hnlichem k\u00f6nnen Sie an das B\u00fcro im Museum richten: Telefon\u00a003431 &#8211; [&hellip;]<\/p>\n","protected":false},"author":2,"featured_media":0,"parent":0,"menu_order":0,"comment_status":"closed","ping_status":"closed","template":"","meta":{"footnotes":""},"class_list":["post-129","page","type-page","status-publish","hentry"],"_links":{"self":[{"href":"https:\/\/www.doebelner-pferdebahn.de\/WP\/index.php?rest_route=\/wp\/v2\/pages\/129","targetHints":{"allow":["GET"]}}],"collection":[{"href":"https:\/\/www.doebelner-pferdebahn.de\/WP\/index.php?rest_route=\/wp\/v2\/pages"}],"about":[{"href":"https:\/\/www.doebelner-pferdebahn.de\/WP\/index.php?rest_route=\/wp\/v2\/types\/page"}],"author":[{"embeddable":true,"href":"https:\/\/www.doebelner-pferdebahn.de\/WP\/index.php?rest_route=\/wp\/v2\/users\/2"}],"replies":[{"embeddable":true,"href":"https:\/\/www.doebelner-pferdebahn.de\/WP\/index.php?rest_route=%2Fwp%2Fv2%2Fcomments&post=129"}],"version-history":[{"count":2,"href":"https:\/\/www.doebelner-pferdebahn.de\/WP\/index.php?rest_route=\/wp\/v2\/pages\/129\/revisions"}],"predecessor-version":[{"id":271,"href":"https:\/\/www.doebelner-pferdebahn.de\/WP\/index.php?rest_route=\/wp\/v2\/pages\/129\/revisions\/271"}],"wp:attachment":[{"href":"https:\/\/www.doebelner-pferdebahn.de\/WP\/index.php?rest_route=%2Fwp%2Fv2%2Fmedia&parent=129"}],"curies":[{"name":"wp","href":"https:\/\/api.w.org\/{rel}","templated":true}]}}