{"id":135,"date":"2018-12-18T12:55:47","date_gmt":"2018-12-18T12:55:47","guid":{"rendered":"https:\/\/www.doebelner-pferdebahn.de\/WP\/?page_id=135"},"modified":"2020-04-16T08:10:37","modified_gmt":"2020-04-16T08:10:37","slug":"buchungen","status":"publish","type":"page","link":"https:\/\/www.doebelner-pferdebahn.de\/WP\/?page_id=135","title":{"rendered":"Buchungen von Sonderfahrten"},"content":{"rendered":"\t\t<div data-elementor-type=\"wp-post\" data-elementor-id=\"135\" class=\"elementor elementor-135 elementor-bc-flex-widget\">\n\t\t\t\t\t\t<section class=\"elementor-section elementor-top-section elementor-element elementor-element-38d6c2 elementor-section-boxed elementor-section-height-default elementor-section-height-default\" data-id=\"38d6c2\" data-element_type=\"section\" data-e-type=\"section\">\n\t\t\t\t\t\t<div class=\"elementor-container elementor-column-gap-default\">\n\t\t\t\t\t<div class=\"elementor-column elementor-col-100 elementor-top-column elementor-element elementor-element-1d1824e6\" data-id=\"1d1824e6\" data-element_type=\"column\" data-e-type=\"column\">\n\t\t\t<div class=\"elementor-widget-wrap elementor-element-populated\">\n\t\t\t\t\t\t<div class=\"elementor-element elementor-element-5140f434 elementor-widget elementor-widget-text-editor\" data-id=\"5140f434\" data-element_type=\"widget\" data-e-type=\"widget\" data-widget_type=\"text-editor.default\">\n\t\t\t\t<div class=\"elementor-widget-container\">\n\t\t\t\t\t\t\t\t\t<p>Sie k\u00f6nnen Sonderfahrten der Pferdebahn nach Absprache buchen.<\/p><p>Wir sind bereits zu Familienfeier, Schuleinf\u00fchrung, Geburtstag, Hochzeit oder Firmenausflug gefahren.<\/p><p>Bitte beachten Sie: Der Wagen hat nur 16 Sitzpl\u00e4tze. Gegebenenfalls sind noch drei Stehpl\u00e4tze auf der Plattform m\u00f6glich. Bei mehr als 19 Personen ist aber eine zweite Fahrt erforderlich.<\/p><p>Bitte wenden Sie sich rechtzeitig (wenigstens 4 Wochen vorher) per email, schriftlich oder telefonisch an das B\u00fcro der Pferdebahn.<\/p><p>Dabei sind folgende Angaben erforderlich:<\/p><ul><li>Kontaktperson mit Anschrift und Telefonnummer f\u00fcr R\u00fcckfragen<\/li><li>gew\u00fcnschtes Datum und Uhrzeit<\/li><li>ungef\u00e4hre Personenzahl<\/li><li>Zusatzw\u00fcnsche (z.B. Museumsbesuch, Gl\u00fchweinfahrt im Winter)<\/li><\/ul><p>Wenn wir den Termin best\u00e4tigen k\u00f6nnen und Sie sich fest f\u00fcr die Fahrt entschieden haben, senden wir Ihnen einen Vertrag mit Rechnung zu.<\/p>\t\t\t\t\t\t\t\t<\/div>\n\t\t\t\t<\/div>\n\t\t\t\t\t<\/div>\n\t\t<\/div>\n\t\t\t\t\t<\/div>\n\t\t<\/section>\n\t\t\t\t<\/div>\n\t\t","protected":false},"excerpt":{"rendered":"<p>Sie k\u00f6nnen Sonderfahrten der Pferdebahn nach Absprache buchen. Wir sind bereits zu Familienfeier, Schuleinf\u00fchrung, Geburtstag, Hochzeit oder Firmenausflug gefahren. Bitte beachten Sie: [&hellip;]<\/p>\n","protected":false},"author":2,"featured_media":0,"parent":0,"menu_order":0,"comment_status":"closed","ping_status":"closed","template":"","meta":{"footnotes":""},"class_list":["post-135","page","type-page","status-publish","hentry"],"_links":{"self":[{"href":"https:\/\/www.doebelner-pferdebahn.de\/WP\/index.php?rest_route=\/wp\/v2\/pages\/135","targetHints":{"allow":["GET"]}}],"collection":[{"href":"https:\/\/www.doebelner-pferdebahn.de\/WP\/index.php?rest_route=\/wp\/v2\/pages"}],"about":[{"href":"https:\/\/www.doebelner-pferdebahn.de\/WP\/index.php?rest_route=\/wp\/v2\/types\/page"}],"author":[{"embeddable":true,"href":"https:\/\/www.doebelner-pferdebahn.de\/WP\/index.php?rest_route=\/wp\/v2\/users\/2"}],"replies":[{"embeddable":true,"href":"https:\/\/www.doebelner-pferdebahn.de\/WP\/index.php?rest_route=%2Fwp%2Fv2%2Fcomments&post=135"}],"version-history":[{"count":4,"href":"https:\/\/www.doebelner-pferdebahn.de\/WP\/index.php?rest_route=\/wp\/v2\/pages\/135\/revisions"}],"predecessor-version":[{"id":1035,"href":"https:\/\/www.doebelner-pferdebahn.de\/WP\/index.php?rest_route=\/wp\/v2\/pages\/135\/revisions\/1035"}],"wp:attachment":[{"href":"https:\/\/www.doebelner-pferdebahn.de\/WP\/index.php?rest_route=%2Fwp%2Fv2%2Fmedia&parent=135"}],"curies":[{"name":"wp","href":"https:\/\/api.w.org\/{rel}","templated":true}]}}