{"id":161,"date":"2018-12-18T13:10:06","date_gmt":"2018-12-18T13:10:06","guid":{"rendered":"https:\/\/www.doebelner-pferdebahn.de\/WP\/?page_id=161"},"modified":"2025-12-11T10:49:00","modified_gmt":"2025-12-11T10:49:00","slug":"aktuelles","status":"publish","type":"page","link":"https:\/\/www.doebelner-pferdebahn.de\/WP\/?page_id=161","title":{"rendered":"Aktuelles"},"content":{"rendered":"\t\t<div data-elementor-type=\"wp-post\" data-elementor-id=\"161\" class=\"elementor elementor-161\">\n\t\t\t\t\t\t<section class=\"elementor-section elementor-top-section elementor-element elementor-element-33b518d elementor-section-boxed elementor-section-height-default elementor-section-height-default\" data-id=\"33b518d\" data-element_type=\"section\" data-e-type=\"section\">\n\t\t\t\t\t\t<div class=\"elementor-container elementor-column-gap-default\">\n\t\t\t\t\t<div class=\"elementor-column elementor-col-100 elementor-top-column elementor-element elementor-element-0ff0388\" data-id=\"0ff0388\" data-element_type=\"column\" data-e-type=\"column\">\n\t\t\t<div class=\"elementor-widget-wrap elementor-element-populated\">\n\t\t\t\t\t\t<section class=\"elementor-section elementor-inner-section elementor-element elementor-element-cc6b22d elementor-section-boxed elementor-section-height-default elementor-section-height-default\" data-id=\"cc6b22d\" data-element_type=\"section\" data-e-type=\"section\">\n\t\t\t\t\t\t<div class=\"elementor-container elementor-column-gap-default\">\n\t\t\t\t\t<div class=\"elementor-column elementor-col-50 elementor-inner-column elementor-element elementor-element-0779409\" data-id=\"0779409\" data-element_type=\"column\" data-e-type=\"column\">\n\t\t\t<div class=\"elementor-widget-wrap elementor-element-populated\">\n\t\t\t\t\t\t<div class=\"elementor-element elementor-element-70a677c elementor-widget elementor-widget-text-editor\" data-id=\"70a677c\" data-element_type=\"widget\" data-e-type=\"widget\" data-widget_type=\"text-editor.default\">\n\t\t\t\t<div class=\"elementor-widget-container\">\n\t\t\t\t\t\t\t\t\t<h5>Winterpause im Museum<\/h5><p>Im Monat Januar und in der ersten Februar-Woche bleibt das Museum geschlossen.<\/p><p>Wir erwarten Sie wieder ab dem 10.2.2026.<\/p>\t\t\t\t\t\t\t\t<\/div>\n\t\t\t\t<\/div>\n\t\t\t\t\t<\/div>\n\t\t<\/div>\n\t\t\t\t<div class=\"elementor-column elementor-col-50 elementor-inner-column elementor-element elementor-element-05dcfac\" data-id=\"05dcfac\" data-element_type=\"column\" data-e-type=\"column\">\n\t\t\t<div class=\"elementor-widget-wrap\">\n\t\t\t\t\t\t\t<\/div>\n\t\t<\/div>\n\t\t\t\t\t<\/div>\n\t\t<\/section>\n\t\t\t\t<div class=\"elementor-element elementor-element-daee397 elementor-widget elementor-widget-text-editor\" data-id=\"daee397\" data-element_type=\"widget\" data-e-type=\"widget\" data-widget_type=\"text-editor.default\">\n\t\t\t\t<div class=\"elementor-widget-container\">\n\t\t\t\t\t\t\t\t\t<p><strong>Er ist da! Unser neuer Wagen steht im Museum.<\/strong><\/p><p>Es handelt sich um einen offenen Wagen (Sommerwagen) und passt perfekt in unsere Spur. 1894 f\u00fcr die Stra\u00dfenbahn in Neuch\u00e1tel (Schweiz) gebaut, ist er in Naumburg seit 1994 zu verschiedenen Anl\u00e4ssen genutzt wurden.<\/p><p>Am 05.02.2025 konnten wir vom Verein Nahverkehrsfreunde Naumburg-Jena den Wagen Nummer 133 \u00fcbernehmen. Nun muss er allerdings f\u00fcr unseren Betrieb optimiert werden, ein entsprechender Umbau hat begonnen.<\/p>\t\t\t\t\t\t\t\t<\/div>\n\t\t\t\t<\/div>\n\t\t\t\t<div class=\"elementor-element elementor-element-621b929 elementor-widget elementor-widget-image\" data-id=\"621b929\" data-element_type=\"widget\" data-e-type=\"widget\" data-widget_type=\"image.default\">\n\t\t\t\t<div class=\"elementor-widget-container\">\n\t\t\t\t\t\t\t\t\t\t\t\t<figure class=\"wp-caption\">\n\t\t\t\t\t\t\t\t\t\t<img fetchpriority=\"high\" decoding=\"async\" width=\"300\" height=\"225\" src=\"https:\/\/www.doebelner-pferdebahn.de\/WP\/wp-content\/uploads\/2025\/02\/WhatsApp-Bild-2025-02-05-um-14.51.10_2f4cfd2c-300x225.jpg\" class=\"attachment-medium size-medium wp-image-2434\" alt=\"\" srcset=\"https:\/\/www.doebelner-pferdebahn.de\/WP\/wp-content\/uploads\/2025\/02\/WhatsApp-Bild-2025-02-05-um-14.51.10_2f4cfd2c-300x225.jpg 300w, https:\/\/www.doebelner-pferdebahn.de\/WP\/wp-content\/uploads\/2025\/02\/WhatsApp-Bild-2025-02-05-um-14.51.10_2f4cfd2c-1024x768.jpg 1024w, https:\/\/www.doebelner-pferdebahn.de\/WP\/wp-content\/uploads\/2025\/02\/WhatsApp-Bild-2025-02-05-um-14.51.10_2f4cfd2c-768x576.jpg 768w, https:\/\/www.doebelner-pferdebahn.de\/WP\/wp-content\/uploads\/2025\/02\/WhatsApp-Bild-2025-02-05-um-14.51.10_2f4cfd2c-1536x1152.jpg 1536w, https:\/\/www.doebelner-pferdebahn.de\/WP\/wp-content\/uploads\/2025\/02\/WhatsApp-Bild-2025-02-05-um-14.51.10_2f4cfd2c-1000x750.jpg 1000w, https:\/\/www.doebelner-pferdebahn.de\/WP\/wp-content\/uploads\/2025\/02\/WhatsApp-Bild-2025-02-05-um-14.51.10_2f4cfd2c-230x173.jpg 230w, https:\/\/www.doebelner-pferdebahn.de\/WP\/wp-content\/uploads\/2025\/02\/WhatsApp-Bild-2025-02-05-um-14.51.10_2f4cfd2c-350x263.jpg 350w, https:\/\/www.doebelner-pferdebahn.de\/WP\/wp-content\/uploads\/2025\/02\/WhatsApp-Bild-2025-02-05-um-14.51.10_2f4cfd2c-480x360.jpg 480w, https:\/\/www.doebelner-pferdebahn.de\/WP\/wp-content\/uploads\/2025\/02\/WhatsApp-Bild-2025-02-05-um-14.51.10_2f4cfd2c.jpg 2016w\" sizes=\"(max-width: 300px) 100vw, 300px\" \/>\t\t\t\t\t\t\t\t\t\t\t<figcaption class=\"widget-image-caption wp-caption-text\"><\/figcaption>\n\t\t\t\t\t\t\t\t\t\t<\/figure>\n\t\t\t\t\t\t\t\t\t<\/div>\n\t\t\t\t<\/div>\n\t\t\t\t\t<\/div>\n\t\t<\/div>\n\t\t\t\t\t<\/div>\n\t\t<\/section>\n\t\t\t\t<section class=\"elementor-section elementor-top-section elementor-element elementor-element-cf0e15b elementor-section-boxed elementor-section-height-default elementor-section-height-default\" data-id=\"cf0e15b\" data-element_type=\"section\" data-e-type=\"section\">\n\t\t\t\t\t\t<div class=\"elementor-container elementor-column-gap-default\">\n\t\t\t\t\t<div class=\"elementor-column elementor-col-100 elementor-top-column elementor-element elementor-element-1e2338a\" data-id=\"1e2338a\" data-element_type=\"column\" data-e-type=\"column\">\n\t\t\t<div class=\"elementor-widget-wrap elementor-element-populated\">\n\t\t\t\t\t\t<div class=\"elementor-element elementor-element-eacf9c9 elementor-widget elementor-widget-text-editor\" data-id=\"eacf9c9\" data-element_type=\"widget\" data-e-type=\"widget\" data-widget_type=\"text-editor.default\">\n\t\t\t\t<div class=\"elementor-widget-container\">\n\t\t\t\t\t\t\t\t\t<h3>\u00a0<\/h3><h3>\u00a0<\/h3><h3>Der n\u00e4chste \u00f6ffentliche Fahrtag ist am<strong><span style=\"color: #ff0000;\"> 2. Mai 2026.<\/span><\/strong><\/h3><p>Abfahrten von 10 bis 11.30 Uhr und 14.00 bis 16.30 Uhr.\u00a0<\/p><h4>\u00a0<\/h4><div><strong><span style=\"color: #ff0000;\">\u00a0 <\/span><\/strong><\/div><hr \/><h3>Am Sonntag, den 6. September 2026 findet auf dem Obermarkt das 3<strong>. D\u00f6belner Pferdebahnziehen<\/strong> statt.<\/h3><div>\u00a0<\/div><div>\u00a0<\/div>\t\t\t\t\t\t\t\t<\/div>\n\t\t\t\t<\/div>\n\t\t\t\t<section class=\"elementor-section elementor-inner-section elementor-element elementor-element-2d847e9 elementor-section-boxed elementor-section-height-default elementor-section-height-default\" data-id=\"2d847e9\" data-element_type=\"section\" data-e-type=\"section\">\n\t\t\t\t\t\t<div class=\"elementor-container elementor-column-gap-default\">\n\t\t\t\t\t<div class=\"elementor-column elementor-col-50 elementor-inner-column elementor-element elementor-element-1b06001\" data-id=\"1b06001\" data-element_type=\"column\" data-e-type=\"column\">\n\t\t\t<div class=\"elementor-widget-wrap\">\n\t\t\t\t\t\t\t<\/div>\n\t\t<\/div>\n\t\t\t\t<div class=\"elementor-column elementor-col-50 elementor-inner-column elementor-element elementor-element-b50ae4b\" data-id=\"b50ae4b\" data-element_type=\"column\" data-e-type=\"column\">\n\t\t\t<div class=\"elementor-widget-wrap elementor-element-populated\">\n\t\t\t\t\t\t<div class=\"elementor-element elementor-element-5c3a4d2 elementor-widget elementor-widget-text-editor\" data-id=\"5c3a4d2\" data-element_type=\"widget\" data-e-type=\"widget\" data-widget_type=\"text-editor.default\">\n\t\t\t\t<div class=\"elementor-widget-container\">\n\t\t\t\t\t\t\t\t\t<p><a href=\"https:\/\/www.woellsdorf-wetter.de\/mini-weather-card-light.svg\">Das aktuelle Wetter<\/a><\/p>\t\t\t\t\t\t\t\t<\/div>\n\t\t\t\t<\/div>\n\t\t\t\t\t<\/div>\n\t\t<\/div>\n\t\t\t\t\t<\/div>\n\t\t<\/section>\n\t\t\t\t<div class=\"elementor-element elementor-element-7d4d2fe elementor-widget elementor-widget-text-editor\" data-id=\"7d4d2fe\" data-element_type=\"widget\" data-e-type=\"widget\" data-widget_type=\"text-editor.default\">\n\t\t\t\t<div class=\"elementor-widget-container\">\n\t\t\t\t\t\t\t\t\t<h4><strong>Achtung im Hochsommer:<\/strong><\/h4><p>Hochsommerliche Temperaturen \u00fcber 30\u00b0 C sind eine Belastung f\u00fcr Mensch und Tier. Wir m\u00fcssen daher vor Tagen mit Fahrbetrieb die Meinung des zust\u00e4ndigen Tierarztes einholen.<\/p><p>Auch bei Starkregen und Gewitter k\u00f6nnen wir im Interesse des Tierschutzes keine Fahrten durchf\u00fchren.<\/p><p>Es kann deshalb vorkommen, dass bestellte Fahrten verschoben oder abgesagt werden m\u00fcssen. Sie erhalten dann nat\u00fcrlich Ihr Geld zur\u00fcck.<\/p><p>Unter Umst\u00e4nden kann das auch den \u00f6ffentlichen Fahrtag betreffen.<\/p><h6><strong>Neuigkeiten und Informationen, Aktuelles aus dem Vereinsleben sind in unserem Facebookauftritt zu finden.<\/strong><\/h6>\t\t\t\t\t\t\t\t<\/div>\n\t\t\t\t<\/div>\n\t\t\t\t\t<\/div>\n\t\t<\/div>\n\t\t\t\t\t<\/div>\n\t\t<\/section>\n\t\t\t\t<section class=\"elementor-section elementor-top-section elementor-element elementor-element-3a15048 elementor-section-boxed elementor-section-height-default elementor-section-height-default\" data-id=\"3a15048\" data-element_type=\"section\" data-e-type=\"section\">\n\t\t\t\t\t\t<div class=\"elementor-container elementor-column-gap-default\">\n\t\t\t\t\t<div class=\"elementor-column elementor-col-100 elementor-top-column elementor-element elementor-element-cb1dd9e\" data-id=\"cb1dd9e\" data-element_type=\"column\" data-e-type=\"column\">\n\t\t\t<div class=\"elementor-widget-wrap elementor-element-populated\">\n\t\t\t\t\t\t<div class=\"elementor-element elementor-element-67ccc92 elementor-widget elementor-widget-html\" data-id=\"67ccc92\" data-element_type=\"widget\" data-e-type=\"widget\" data-widget_type=\"html.default\">\n\t\t\t\t<div class=\"elementor-widget-container\">\n\t\t\t\t\t<iframe src=\"https:\/\/www.facebook.com\/plugins\/page.php?href=https%3A%2F%2Fwww.facebook.com%2FPferdebahn%2F&tabs=timeline&width=500&height=500&small_header=false&adapt_container_width=true&hide_cover=false&show_facepile=false&appId=1424813117769977\" width=\"500\" height=\"500\" style=\"border:none;overflow:hidden\" scrolling=\"no\" frameborder=\"0\" allowTransparency=\"true\" allow=\"encrypted-media\"><\/iframe>\t\t\t\t<\/div>\n\t\t\t\t<\/div>\n\t\t\t\t\t<\/div>\n\t\t<\/div>\n\t\t\t\t\t<\/div>\n\t\t<\/section>\n\t\t\t\t<\/div>\n\t\t","protected":false},"excerpt":{"rendered":"<p>Winterpause im Museum Im Monat Januar und in der ersten Februar-Woche bleibt das Museum geschlossen. Wir erwarten Sie wieder ab dem 10.2.2026. [&hellip;]<\/p>\n","protected":false},"author":2,"featured_media":0,"parent":0,"menu_order":0,"comment_status":"closed","ping_status":"closed","template":"","meta":{"footnotes":""},"class_list":["post-161","page","type-page","status-publish","hentry"],"_links":{"self":[{"href":"https:\/\/www.doebelner-pferdebahn.de\/WP\/index.php?rest_route=\/wp\/v2\/pages\/161","targetHints":{"allow":["GET"]}}],"collection":[{"href":"https:\/\/www.doebelner-pferdebahn.de\/WP\/index.php?rest_route=\/wp\/v2\/pages"}],"about":[{"href":"https:\/\/www.doebelner-pferdebahn.de\/WP\/index.php?rest_route=\/wp\/v2\/types\/page"}],"author":[{"embeddable":true,"href":"https:\/\/www.doebelner-pferdebahn.de\/WP\/index.php?rest_route=\/wp\/v2\/users\/2"}],"replies":[{"embeddable":true,"href":"https:\/\/www.doebelner-pferdebahn.de\/WP\/index.php?rest_route=%2Fwp%2Fv2%2Fcomments&post=161"}],"version-history":[{"count":278,"href":"https:\/\/www.doebelner-pferdebahn.de\/WP\/index.php?rest_route=\/wp\/v2\/pages\/161\/revisions"}],"predecessor-version":[{"id":2695,"href":"https:\/\/www.doebelner-pferdebahn.de\/WP\/index.php?rest_route=\/wp\/v2\/pages\/161\/revisions\/2695"}],"wp:attachment":[{"href":"https:\/\/www.doebelner-pferdebahn.de\/WP\/index.php?rest_route=%2Fwp%2Fv2%2Fmedia&parent=161"}],"curies":[{"name":"wp","href":"https:\/\/api.w.org\/{rel}","templated":true}]}}