{"id":197,"date":"2018-12-19T08:08:33","date_gmt":"2018-12-19T08:08:33","guid":{"rendered":"https:\/\/www.doebelner-pferdebahn.de\/WP\/?page_id=197"},"modified":"2018-12-20T14:26:22","modified_gmt":"2018-12-20T14:26:22","slug":"anfahrt","status":"publish","type":"page","link":"https:\/\/www.doebelner-pferdebahn.de\/WP\/?page_id=197","title":{"rendered":"Anfahrt"},"content":{"rendered":"<p><iframe src=\"https:\/\/www.google.com\/maps\/d\/u\/0\/embed?mid=1E_s-w8tYjeR0j9N8HAdYEeBR7Zs4F_x2\" width=\"640\" height=\"480\"><\/iframe><\/p>\n<p><strong>Mit dem Auto:<\/strong><\/p>\n<p>Autobahn A14 Dresden &#8211; Leipzig bis D\u00f6beln Ost oder D\u00f6beln Nord, dann Richtung Zentrum<br \/>\noder<br \/>\nAutobahn A4 Chemnitz &#8211; Dresden bis Hainichen, dann auf der B 169 nach D\u00f6beln<\/p>\n<p>N\u00e4chste gr\u00f6\u00dfere Parkpl\u00e4tze:<br \/>\nParkhaus Ritterstra\u00dfe (400 m)<br \/>\nParkplatz am Busbahnhof (500 m)<br \/>\nParkplatz Ritterstra\u00dfe\/Rosa-Luxemburg-Stra\u00dfe (500 m)<\/p>\n<p>&nbsp;<\/p>\n<p><strong>Mit \u00f6ffentlichen Verkehrsmitteln: <\/strong><br \/>\nEisenbahn<br \/>\nLeipzig &#8211; D\u00f6beln (RB 110)<br \/>\noder Chemnitz &#8211; D\u00f6beln &#8211; Riesa &#8211; Elsterwerda (RB 45)<br \/>\nbis D\u00f6beln Hauptbahnhof<\/p>\n<p>Vom Hauptbahnhof zum Pferdebahnmuseum ca. 2 km Fu\u00dfweg oder mit dem Bus:<br \/>\nStadtbuslinien A und C bis &#8222;Pferdebahnmuseum&#8220;<br \/>\nRegionalbuslinie 750 Richtung Nossen &#8211; Freiberg bis &#8222;K\u00f6rnerplatz&#8220;<\/p>\n<p>Aus Richtung Freiberg: Buslinie 750 bis &#8222;K\u00f6rnerplatz&#8220;<\/p>\n<p>Aus Richtung Mei\u00dfen: Buslinie 416 bis &#8222;Busbahnhof&#8220;<\/p>\n<p>Fahrpl\u00e4ne finden Sie im Internet unter www.vms.de<\/p>\n<p>&nbsp;<\/p>\n<p align=\"LEFT\"><strong>Koordinaten:<\/strong><br \/>\n51\u00b0 7\u00b411\u00b4\u00b4 N \/ 13\u00b0 7\u00b410\u00b4\u00b4 E<\/p>\n","protected":false},"excerpt":{"rendered":"<p>Mit dem Auto: Autobahn A14 Dresden &#8211; Leipzig bis D\u00f6beln Ost oder D\u00f6beln Nord, dann Richtung Zentrum oder Autobahn A4 Chemnitz &#8211; [&hellip;]<\/p>\n","protected":false},"author":2,"featured_media":0,"parent":0,"menu_order":0,"comment_status":"closed","ping_status":"closed","template":"","meta":{"footnotes":""},"class_list":["post-197","page","type-page","status-publish","hentry"],"_links":{"self":[{"href":"https:\/\/www.doebelner-pferdebahn.de\/WP\/index.php?rest_route=\/wp\/v2\/pages\/197","targetHints":{"allow":["GET"]}}],"collection":[{"href":"https:\/\/www.doebelner-pferdebahn.de\/WP\/index.php?rest_route=\/wp\/v2\/pages"}],"about":[{"href":"https:\/\/www.doebelner-pferdebahn.de\/WP\/index.php?rest_route=\/wp\/v2\/types\/page"}],"author":[{"embeddable":true,"href":"https:\/\/www.doebelner-pferdebahn.de\/WP\/index.php?rest_route=\/wp\/v2\/users\/2"}],"replies":[{"embeddable":true,"href":"https:\/\/www.doebelner-pferdebahn.de\/WP\/index.php?rest_route=%2Fwp%2Fv2%2Fcomments&post=197"}],"version-history":[{"count":12,"href":"https:\/\/www.doebelner-pferdebahn.de\/WP\/index.php?rest_route=\/wp\/v2\/pages\/197\/revisions"}],"predecessor-version":[{"id":292,"href":"https:\/\/www.doebelner-pferdebahn.de\/WP\/index.php?rest_route=\/wp\/v2\/pages\/197\/revisions\/292"}],"wp:attachment":[{"href":"https:\/\/www.doebelner-pferdebahn.de\/WP\/index.php?rest_route=%2Fwp%2Fv2%2Fmedia&parent=197"}],"curies":[{"name":"wp","href":"https:\/\/api.w.org\/{rel}","templated":true}]}}