{"id":91,"date":"2018-12-13T14:49:59","date_gmt":"2018-12-13T14:49:59","guid":{"rendered":"https:\/\/www.doebelner-pferdebahn.de\/WP\/?page_id=91"},"modified":"2021-10-05T21:02:57","modified_gmt":"2021-10-05T21:02:57","slug":"impressum","status":"publish","type":"page","link":"https:\/\/www.doebelner-pferdebahn.de\/WP\/?page_id=91","title":{"rendered":"Impressum"},"content":{"rendered":"\t\t<div data-elementor-type=\"wp-post\" data-elementor-id=\"91\" class=\"elementor elementor-91\">\n\t\t\t\t\t\t<section class=\"elementor-section elementor-top-section elementor-element elementor-element-51c4137 elementor-section-boxed elementor-section-height-default elementor-section-height-default\" data-id=\"51c4137\" data-element_type=\"section\" data-e-type=\"section\">\n\t\t\t\t\t\t<div class=\"elementor-container elementor-column-gap-default\">\n\t\t\t\t\t<div class=\"elementor-column elementor-col-100 elementor-top-column elementor-element elementor-element-f829c5b\" data-id=\"f829c5b\" data-element_type=\"column\" data-e-type=\"column\">\n\t\t\t<div class=\"elementor-widget-wrap\">\n\t\t\t\t\t\t\t<\/div>\n\t\t<\/div>\n\t\t\t\t\t<\/div>\n\t\t<\/section>\n\t\t\t\t<section class=\"elementor-section elementor-top-section elementor-element elementor-element-1180232 elementor-section-boxed elementor-section-height-default elementor-section-height-default\" data-id=\"1180232\" data-element_type=\"section\" data-e-type=\"section\">\n\t\t\t\t\t\t<div class=\"elementor-container elementor-column-gap-default\">\n\t\t\t\t\t<div class=\"elementor-column elementor-col-100 elementor-top-column elementor-element elementor-element-62c1653\" data-id=\"62c1653\" data-element_type=\"column\" data-e-type=\"column\">\n\t\t\t<div class=\"elementor-widget-wrap elementor-element-populated\">\n\t\t\t\t\t\t<div class=\"elementor-element elementor-element-cd2d137 elementor-widget elementor-widget-text-editor\" data-id=\"cd2d137\" data-element_type=\"widget\" data-e-type=\"widget\" data-widget_type=\"text-editor.default\">\n\t\t\t\t<div class=\"elementor-widget-container\">\n\t\t\t\t\t\t\t\t\t<p><b>Homepagedesign\u00a0<\/b>Traditionsverein &#8222;D\u00f6belner Pferdebahn e. V.&#8220;<\/p><p><b>Verantwortlich f\u00fcr den Inhalt der Seiten<\/b>\u00a0ist der Vorstand des Traditionsvereins &#8222;D\u00f6belner Pferdebahn e. V.&#8220;<\/p><p><b>Redaktion:\u00a0<\/b>J\u00f6rg Lippert, Alfred Klepzig, Norbert Kuschinski<\/p><p><b>Postanschrift:\u00a0<\/b>Traditionsverein &#8222;D\u00f6belner Pferdebahn e. V.&#8220;, Niederwerder 6, D-04720 D\u00f6beln<\/p><p><b>Telefon:\u00a0<\/b>0 34 31 \/ 70 46 852<\/p><p><b>E-Mail:\u00a0<\/b>info@doebelner-pferdebahn.de<\/p><p><b>Vereinsregister<\/b>\u00a0des Amtsgerichts Chemnitz: VR 5491<\/p><p><b>Steuernummer<\/b>\u00a0beim Finanzamt D\u00f6beln: 236\/140\/06676<\/p><p><b>Vorstand:<\/b><\/p><p>Vorsitzender: J\u00f6rg Lippert,\u00a0<span style=\"text-align: center;\">E-Mail: joerg_lippert@web.de<\/span><\/p><p><span style=\"text-align: center;\">Stellv. Vorsitzender:\u00a0<\/span><span style=\"text-align: center;\">Norbert Kuschinski,\u00a0<\/span><span style=\"text-align: center;\">E-Mail: norbert.kuschinski@telecolumbus.net<\/span><\/p><p><span style=\"text-align: center;\">Schatzmeister:\u00a0<\/span><span style=\"text-align: center;\">Alfred Klepzig<\/span><b><br \/><\/b><\/p><p>Unter der Registriernummer 303 49 410.7\/16 wurde die Wortmarke &#8222;PFERDEBAHN&#8220; durch das Deutsche Patent- und Markenamt rechtlich gesch\u00fctzt. Dieser Schutz beinhaltet Waren und Dienstleistungen folgender Art: Uhren, Buchbindeartikel, Kaffee, Tee, Pralinen und Konfekt. Zuwiderhandlungen werden strafrechtlich verfolgt.<\/p><p>Unsere Berichterstattung erfolgt, sofern nicht anders angegeben, oder namentlich gekennzeichnet, ausschlie\u00dflich \u00fcber \u00f6ffentliche Pressemitteilungen verschiedener Organisationen, Unternehmen und Institutionen. Wir behalten uns das Recht vor, ohne vorherige Ank\u00fcndigung die bereitgestellten Informationen zu aktualisieren oder zu entfernen.<\/p><p>Ihre Daten werden zum Zweck der internen Weiterverarbeitung elektronisch \u00fcbertragen und gespeichert. Wir k\u00f6nnen im Internet keine Garantie f\u00fcr die Datensicherheit geben. Wenn Sie unsere Formulare verwenden, erfolgt die \u00dcbertragung dieser Daten ungesch\u00fctzt \u00fcber das Internet.<\/p><p>Wir weisen ausdr\u00fccklich darauf hin, dass die M\u00f6glichkeit besteht, dass die gesendeten Daten f\u00fcr andere sichtbar sind.<\/p><p>Wir versichern, diese Daten nicht ohne Zustimmung an Dritte weiterzugegeben. Sollten Sie technische Probleme, Hinweise oder Anregungen haben, kontaktieren Sie uns bitte umgehend.<\/p><p>Wir \u00fcbernehmen keine Haftung oder Garantie f\u00fcr unverlangt eingesendete Manuskripte, Fotos und Illustrationen. Die Redaktion ist nicht verantwortlich f\u00fcr die Aktualit\u00e4t, Richtigkeit und Vollst\u00e4ndigkeit der Inhalte und Informationen von anderen Webseiten, die auf direkten oder indirekten digitalen Verbindungen (&#8222;Links&#8220;) erreicht werden.<\/p><p>\u00a9 2018 Traditionsverein &#8222;D\u00f6belner Pferdebahn e. V.&#8220;<\/p>\t\t\t\t\t\t\t\t<\/div>\n\t\t\t\t<\/div>\n\t\t\t\t\t<\/div>\n\t\t<\/div>\n\t\t\t\t\t<\/div>\n\t\t<\/section>\n\t\t\t\t<\/div>\n\t\t","protected":false},"excerpt":{"rendered":"<p>Homepagedesign\u00a0Traditionsverein &#8222;D\u00f6belner Pferdebahn e. V.&#8220; Verantwortlich f\u00fcr den Inhalt der Seiten\u00a0ist der Vorstand des Traditionsvereins &#8222;D\u00f6belner Pferdebahn e. V.&#8220; Redaktion:\u00a0J\u00f6rg Lippert, Alfred [&hellip;]<\/p>\n","protected":false},"author":2,"featured_media":0,"parent":0,"menu_order":0,"comment_status":"closed","ping_status":"closed","template":"elementor_header_footer","meta":{"footnotes":""},"class_list":["post-91","page","type-page","status-publish","hentry"],"_links":{"self":[{"href":"https:\/\/www.doebelner-pferdebahn.de\/WP\/index.php?rest_route=\/wp\/v2\/pages\/91","targetHints":{"allow":["GET"]}}],"collection":[{"href":"https:\/\/www.doebelner-pferdebahn.de\/WP\/index.php?rest_route=\/wp\/v2\/pages"}],"about":[{"href":"https:\/\/www.doebelner-pferdebahn.de\/WP\/index.php?rest_route=\/wp\/v2\/types\/page"}],"author":[{"embeddable":true,"href":"https:\/\/www.doebelner-pferdebahn.de\/WP\/index.php?rest_route=\/wp\/v2\/users\/2"}],"replies":[{"embeddable":true,"href":"https:\/\/www.doebelner-pferdebahn.de\/WP\/index.php?rest_route=%2Fwp%2Fv2%2Fcomments&post=91"}],"version-history":[{"count":6,"href":"https:\/\/www.doebelner-pferdebahn.de\/WP\/index.php?rest_route=\/wp\/v2\/pages\/91\/revisions"}],"predecessor-version":[{"id":1487,"href":"https:\/\/www.doebelner-pferdebahn.de\/WP\/index.php?rest_route=\/wp\/v2\/pages\/91\/revisions\/1487"}],"wp:attachment":[{"href":"https:\/\/www.doebelner-pferdebahn.de\/WP\/index.php?rest_route=%2Fwp%2Fv2%2Fmedia&parent=91"}],"curies":[{"name":"wp","href":"https:\/\/api.w.org\/{rel}","templated":true}]}}